{"id":2294,"date":"2025-09-02T10:16:09","date_gmt":"2025-09-02T10:16:09","guid":{"rendered":"https:\/\/demo.gestramites.com\/?page_id=2294"},"modified":"2025-09-02T10:18:46","modified_gmt":"2025-09-02T10:18:46","slug":"nacionalidad-espanola-general","status":"publish","type":"page","link":"https:\/\/gestramites.com\/en\/servicios\/servicios-generales\/nacionalidad-espanola-general\/","title":{"rendered":"Nacionalidad Espa\u00f1ola General"},"content":{"rendered":"<div data-elementor-type=\"wp-page\" data-elementor-id=\"2294\" class=\"elementor elementor-2294\" data-elementor-post-type=\"page\">\n\t\t\t\t<div class=\"elementor-element elementor-element-60160de e-flex e-con-boxed e-con e-parent\" data-id=\"60160de\" data-element_type=\"container\">\n\t\t\t\t\t<div class=\"e-con-inner\">\n\t\t\t\t<div class=\"elementor-element elementor-element-194b851 elementor-widget elementor-widget-image\" data-id=\"194b851\" data-element_type=\"widget\" data-widget_type=\"image.default\">\n\t\t\t\t<div class=\"elementor-widget-container\">\n\t\t\t\t\t\t\t\t\t\t\t\t\t\t\t<img fetchpriority=\"high\" decoding=\"async\" width=\"1024\" height=\"538\" src=\"https:\/\/gestramites.com\/wp-content\/uploads\/2025\/10\/general_service7_en.webp\" class=\"attachment-large size-large wp-image-1781\" alt=\"servicio_nacionalidad_espanola_web_ok\" srcset=\"https:\/\/gestramites.com\/wp-content\/uploads\/2025\/10\/general_service7_en.webp 400w, https:\/\/gestramites.com\/wp-content\/uploads\/2025\/10\/general_service7_en-300x203.webp 300w, https:\/\/gestramites.com\/wp-content\/uploads\/2025\/10\/general_service7_en-18x12.webp 18w\" sizes=\"(max-width: 1024px) 100vw, 1024px\" \/>\t\t\t\t\t\t\t\t\t\t\t\t\t\t\t<\/div>\n\t\t\t\t<\/div>\n\t\t\t\t\t<\/div>\n\t\t\t\t<\/div>\n\t\t<div class=\"elementor-element elementor-element-1ba4c558 e-flex e-con-boxed e-con e-parent\" data-id=\"1ba4c558\" data-element_type=\"container\">\n\t\t\t\t\t<div class=\"e-con-inner\">\n\t\t\t\t<div class=\"elementor-element elementor-element-1a381a5a elementor-widget elementor-widget-heading\" data-id=\"1a381a5a\" data-element_type=\"widget\" data-widget_type=\"heading.default\">\n\t\t\t\t<div class=\"elementor-widget-container\">\n\t\t\t\t\t<h2 class=\"elementor-heading-title elementor-size-default\">You want to obtain Spanish nationality<\/h2>\t\t\t\t<\/div>\n\t\t\t\t<\/div>\n\t\t\t\t<div class=\"elementor-element elementor-element-6d10d74 elementor-widget elementor-widget-heading\" data-id=\"6d10d74\" data-element_type=\"widget\" data-widget_type=\"heading.default\">\n\t\t\t\t<div class=\"elementor-widget-container\">\n\t\t\t\t\t<h3 class=\"elementor-heading-title elementor-size-default\">Spanish Citizenship by Residence<\/h3>\t\t\t\t<\/div>\n\t\t\t\t<\/div>\n\t\t\t\t<div class=\"elementor-element elementor-element-c1e21d elementor-widget elementor-widget-text-editor\" data-id=\"c1e21d\" data-element_type=\"widget\" data-widget_type=\"text-editor.default\">\n\t\t\t\t<div class=\"elementor-widget-container\">\n\t\t\t\t\t\t\t\t\t<p>We accompany you from beginning to end until you become a citizen.<\/p>\t\t\t\t\t\t\t\t<\/div>\n\t\t\t\t<\/div>\n\t\t\t\t<div class=\"elementor-element elementor-element-2e69e93 elementor-widget elementor-widget-text-editor\" data-id=\"2e69e93\" data-element_type=\"widget\" data-widget_type=\"text-editor.default\">\n\t\t\t\t<div class=\"elementor-widget-container\">\n\t\t\t\t\t\t\t\t\t<p><strong>Who it\u2019s for<\/strong><\/p>\t\t\t\t\t\t\t\t<\/div>\n\t\t\t\t<\/div>\n\t\t\t\t<div class=\"elementor-element elementor-element-503160d elementor-icon-list--layout-traditional elementor-list-item-link-full_width elementor-widget elementor-widget-icon-list\" data-id=\"503160d\" data-element_type=\"widget\" data-widget_type=\"icon-list.default\">\n\t\t\t\t<div class=\"elementor-widget-container\">\n\t\t\t\t\t\t\t<ul class=\"elementor-icon-list-items\">\n\t\t\t\t\t\t\t<li class=\"elementor-icon-list-item\">\n\t\t\t\t\t\t\t\t\t\t\t<span class=\"elementor-icon-list-icon\">\n\t\t\t\t\t\t\t<i aria-hidden=\"true\" class=\"fas fa-check\"><\/i>\t\t\t\t\t\t<\/span>\n\t\t\t\t\t\t\t\t\t\t<span class=\"elementor-icon-list-text\">Those who meet the legal residency requirement (general or reduced, depending on the circumstances) and demonstrate good civic conduct; where applicable, DELE A2\/CCSE.<\/span>\n\t\t\t\t\t\t\t\t\t<\/li>\n\t\t\t\t\t\t<\/ul>\n\t\t\t\t\t\t<\/div>\n\t\t\t\t<\/div>\n\t\t\t\t<div class=\"elementor-element elementor-element-384fa32d elementor-widget elementor-widget-text-editor\" data-id=\"384fa32d\" data-element_type=\"widget\" data-widget_type=\"text-editor.default\">\n\t\t\t\t<div class=\"elementor-widget-container\">\n\t\t\t\t\t\t\t\t\t<p><strong>What we provide<\/strong><\/p>\t\t\t\t\t\t\t\t<\/div>\n\t\t\t\t<\/div>\n\t\t\t\t<div class=\"elementor-element elementor-element-1063d096 elementor-icon-list--layout-traditional elementor-list-item-link-full_width elementor-widget elementor-widget-icon-list\" data-id=\"1063d096\" data-element_type=\"widget\" data-widget_type=\"icon-list.default\">\n\t\t\t\t<div class=\"elementor-widget-container\">\n\t\t\t\t\t\t\t<ul class=\"elementor-icon-list-items\">\n\t\t\t\t\t\t\t<li class=\"elementor-icon-list-item\">\n\t\t\t\t\t\t\t\t\t\t\t<span class=\"elementor-icon-list-icon\">\n\t\t\t\t\t\t\t<i aria-hidden=\"true\" class=\"fas fa-check\"><\/i>\t\t\t\t\t\t<\/span>\n\t\t\t\t\t\t\t\t\t\t<span class=\"elementor-icon-list-text\">Eligibility review, online preparation and submission, exam management if applicable, follow-up until finalized, and assistance during the swearing-in.<\/span>\n\t\t\t\t\t\t\t\t\t<\/li>\n\t\t\t\t\t\t<\/ul>\n\t\t\t\t\t\t<\/div>\n\t\t\t\t<\/div>\n\t\t\t\t<div class=\"elementor-element elementor-element-6db98e29 elementor-widget elementor-widget-text-editor\" data-id=\"6db98e29\" data-element_type=\"widget\" data-widget_type=\"text-editor.default\">\n\t\t\t\t<div class=\"elementor-widget-container\">\n\t\t\t\t\t\t\t\t\t<p><strong>Key requirements:<\/strong><\/p>\t\t\t\t\t\t\t\t<\/div>\n\t\t\t\t<\/div>\n\t\t\t\t<div class=\"elementor-element elementor-element-35e190df elementor-icon-list--layout-traditional elementor-list-item-link-full_width elementor-widget elementor-widget-icon-list\" data-id=\"35e190df\" data-element_type=\"widget\" data-widget_type=\"icon-list.default\">\n\t\t\t\t<div class=\"elementor-widget-container\">\n\t\t\t\t\t\t\t<ul class=\"elementor-icon-list-items\">\n\t\t\t\t\t\t\t<li class=\"elementor-icon-list-item\">\n\t\t\t\t\t\t\t\t\t\t\t<span class=\"elementor-icon-list-icon\">\n\t\t\t\t\t\t\t<i aria-hidden=\"true\" class=\"fas fa-check\"><\/i>\t\t\t\t\t\t<\/span>\n\t\t\t\t\t\t\t\t\t\t<span class=\"elementor-icon-list-text\">Legal residence, criminal record, registration and, where applicable, DELE\/CCSE.<\/span>\n\t\t\t\t\t\t\t\t\t<\/li>\n\t\t\t\t\t\t<\/ul>\n\t\t\t\t\t\t<\/div>\n\t\t\t\t<\/div>\n\t\t\t\t<div class=\"elementor-element elementor-element-152f5a2 elementor-align-center elementor-widget elementor-widget-button\" data-id=\"152f5a2\" data-element_type=\"widget\" data-widget_type=\"button.default\">\n\t\t\t\t<div class=\"elementor-widget-container\">\n\t\t\t\t\t\t\t\t\t<div class=\"elementor-button-wrapper\">\n\t\t\t\t\t<a class=\"elementor-button elementor-button-link elementor-size-sm\" href=\"https:\/\/wa.me\/34676035990?text=Quiero%20obtener%20la%20nacionalidad%20espa%C3%B1ola%20-%20Servicio%20general\" target=\"_blank\">\n\t\t\t\t\t\t<span class=\"elementor-button-content-wrapper\">\n\t\t\t\t\t\t<span class=\"elementor-button-icon\">\n\t\t\t\t<i aria-hidden=\"true\" class=\"fab fa-whatsapp\"><\/i>\t\t\t<\/span>\n\t\t\t\t\t\t\t\t\t<span class=\"elementor-button-text\">Chat with us <\/span>\n\t\t\t\t\t<\/span>\n\t\t\t\t\t<\/a>\n\t\t\t\t<\/div>\n\t\t\t\t\t\t\t\t<\/div>\n\t\t\t\t<\/div>\n\t\t\t\t<div class=\"elementor-element elementor-element-313031b1 elementor-widget elementor-widget-text-editor\" data-id=\"313031b1\" data-element_type=\"widget\" data-widget_type=\"text-editor.default\">\n\t\t\t\t<div class=\"elementor-widget-container\">\n\t\t\t\t\t\t\t\t\t<p>Write us on WhatsApp (response &lt; 30 min).<\/p>\t\t\t\t\t\t\t\t<\/div>\n\t\t\t\t<\/div>\n\t\t\t\t\t<\/div>\n\t\t\t\t<\/div>\n\t\t\t\t<\/div>","protected":false},"excerpt":{"rendered":"<p>Quieres obtener la nacionalidad espa\u00f1ola Nacionalidad espa\u00f1ola por residencia Te acompa\u00f1amos de principio a fin hasta tu ciudadan\u00eda. Para quien: Quienes cumplen el tiempo de residencia legal (plazo general o reducido, seg\u00fan supuestos) y buena conducta c\u00edvica; cuando proceda, DELE A2\/CCSE. Qu\u00e9 te ofrecemos: Revisi\u00f3n de elegibilidad, preparaci\u00f3n y presentaci\u00f3n telem\u00e1tica, gesti\u00f3n de ex\u00e1menes si [&hellip;]<\/p>","protected":false},"author":1,"featured_media":0,"parent":1735,"menu_order":0,"comment_status":"closed","ping_status":"closed","template":"","meta":{"site-sidebar-layout":"no-sidebar","site-content-layout":"page-builder","ast-site-content-layout":"full-width-container","site-content-style":"unboxed","site-sidebar-style":"unboxed","ast-global-header-display":"","ast-banner-title-visibility":"","ast-main-header-display":"","ast-hfb-above-header-display":"","ast-hfb-below-header-display":"","ast-hfb-mobile-header-display":"","site-post-title":"disabled","ast-breadcrumbs-content":"","ast-featured-img":"disabled","footer-sml-layout":"","theme-transparent-header-meta":"enabled","adv-header-id-meta":"","stick-header-meta":"","header-above-stick-meta":"","header-main-stick-meta":"","header-below-stick-meta":"","astra-migrate-meta-layouts":"set","ast-page-background-enabled":"default","ast-page-background-meta":{"desktop":{"background-color":"","background-image":"","background-repeat":"repeat","background-position":"center center","background-size":"auto","background-attachment":"scroll","background-type":"","background-media":"","overlay-type":"","overlay-color":"","overlay-opacity":"","overlay-gradient":""},"tablet":{"background-color":"","background-image":"","background-repeat":"repeat","background-position":"center center","background-size":"auto","background-attachment":"scroll","background-type":"","background-media":"","overlay-type":"","overlay-color":"","overlay-opacity":"","overlay-gradient":""},"mobile":{"background-color":"","background-image":"","background-repeat":"repeat","background-position":"center center","background-size":"auto","background-attachment":"scroll","background-type":"","background-media":"","overlay-type":"","overlay-color":"","overlay-opacity":"","overlay-gradient":""}},"ast-content-background-meta":{"desktop":{"background-color":"var(--ast-global-color-5)","background-image":"","background-repeat":"repeat","background-position":"center center","background-size":"auto","background-attachment":"scroll","background-type":"","background-media":"","overlay-type":"","overlay-color":"","overlay-opacity":"","overlay-gradient":""},"tablet":{"background-color":"var(--ast-global-color-5)","background-image":"","background-repeat":"repeat","background-position":"center center","background-size":"auto","background-attachment":"scroll","background-type":"","background-media":"","overlay-type":"","overlay-color":"","overlay-opacity":"","overlay-gradient":""},"mobile":{"background-color":"var(--ast-global-color-5)","background-image":"","background-repeat":"repeat","background-position":"center center","background-size":"auto","background-attachment":"scroll","background-type":"","background-media":"","overlay-type":"","overlay-color":"","overlay-opacity":"","overlay-gradient":""}},"_joinchat":[],"footnotes":""},"class_list":["post-2294","page","type-page","status-publish","hentry"],"yoast_head":"<!-- This site is optimized with the Yoast SEO plugin v26.7 - https:\/\/yoast.com\/wordpress\/plugins\/seo\/ -->\n<title>Nacionalidad Espa\u00f1ola General - Gestr\u00e1mites | Abogadas expertas en extranjer\u00eda y nacionalidad<\/title>\n<meta name=\"robots\" content=\"index, follow, max-snippet:-1, max-image-preview:large, max-video-preview:-1\" \/>\n<link rel=\"canonical\" href=\"https:\/\/gestramites.com\/en\/servicios\/servicios-generales\/nacionalidad-espanola-general\/\" \/>\n<meta property=\"og:locale\" content=\"en_GB\" \/>\n<meta property=\"og:type\" content=\"article\" \/>\n<meta property=\"og:title\" content=\"Nacionalidad Espa\u00f1ola General - Gestr\u00e1mites | Abogadas expertas en extranjer\u00eda y nacionalidad\" \/>\n<meta property=\"og:description\" content=\"Quieres obtener la nacionalidad espa\u00f1ola Nacionalidad espa\u00f1ola por residencia Te acompa\u00f1amos de principio a fin hasta tu ciudadan\u00eda. Para quien: Quienes cumplen el tiempo de residencia legal (plazo general o reducido, seg\u00fan supuestos) y buena conducta c\u00edvica; cuando proceda, DELE A2\/CCSE. Qu\u00e9 te ofrecemos: Revisi\u00f3n de elegibilidad, preparaci\u00f3n y presentaci\u00f3n telem\u00e1tica, gesti\u00f3n de ex\u00e1menes si [&hellip;]\" \/>\n<meta property=\"og:url\" content=\"https:\/\/gestramites.com\/en\/servicios\/servicios-generales\/nacionalidad-espanola-general\/\" \/>\n<meta property=\"og:site_name\" content=\"Gestr\u00e1mites | Abogadas expertas en extranjer\u00eda y nacionalidad\" \/>\n<meta property=\"article:modified_time\" content=\"2025-09-02T10:18:46+00:00\" \/>\n<meta property=\"og:image\" content=\"https:\/\/gestramites.com\/wp-content\/uploads\/2025\/07\/servicio_nacionalidad_espanola_web_ok.webp\" \/>\n\t<meta property=\"og:image:width\" content=\"1200\" \/>\n\t<meta property=\"og:image:height\" content=\"630\" \/>\n\t<meta property=\"og:image:type\" content=\"image\/webp\" \/>\n<meta name=\"twitter:card\" content=\"summary_large_image\" \/>\n<meta name=\"twitter:label1\" content=\"Estimated reading time\" \/>\n\t<meta name=\"twitter:data1\" content=\"1 minute\" \/>\n<script type=\"application\/ld+json\" class=\"yoast-schema-graph\">{\"@context\":\"https:\/\/schema.org\",\"@graph\":[{\"@type\":\"WebPage\",\"@id\":\"https:\/\/gestramites.com\/servicios\/servicios-generales\/nacionalidad-espanola-general\/\",\"url\":\"https:\/\/gestramites.com\/servicios\/servicios-generales\/nacionalidad-espanola-general\/\",\"name\":\"Nacionalidad Espa\u00f1ola General - Gestr\u00e1mites | Abogadas expertas en extranjer\u00eda y nacionalidad\",\"isPartOf\":{\"@id\":\"https:\/\/gestramites.com\/#website\"},\"primaryImageOfPage\":{\"@id\":\"https:\/\/gestramites.com\/servicios\/servicios-generales\/nacionalidad-espanola-general\/#primaryimage\"},\"image\":{\"@id\":\"https:\/\/gestramites.com\/servicios\/servicios-generales\/nacionalidad-espanola-general\/#primaryimage\"},\"thumbnailUrl\":\"https:\/\/gestramites.com\/wp-content\/uploads\/2025\/07\/servicio_nacionalidad_espanola_web_ok-1024x538.webp\",\"datePublished\":\"2025-09-02T10:16:09+00:00\",\"dateModified\":\"2025-09-02T10:18:46+00:00\",\"breadcrumb\":{\"@id\":\"https:\/\/gestramites.com\/servicios\/servicios-generales\/nacionalidad-espanola-general\/#breadcrumb\"},\"inLanguage\":\"en-GB\",\"potentialAction\":[{\"@type\":\"ReadAction\",\"target\":[\"https:\/\/gestramites.com\/servicios\/servicios-generales\/nacionalidad-espanola-general\/\"]}]},{\"@type\":\"ImageObject\",\"inLanguage\":\"en-GB\",\"@id\":\"https:\/\/gestramites.com\/servicios\/servicios-generales\/nacionalidad-espanola-general\/#primaryimage\",\"url\":\"https:\/\/gestramites.com\/wp-content\/uploads\/2025\/07\/servicio_nacionalidad_espanola_web_ok-1024x538.webp\",\"contentUrl\":\"https:\/\/gestramites.com\/wp-content\/uploads\/2025\/07\/servicio_nacionalidad_espanola_web_ok-1024x538.webp\"},{\"@type\":\"BreadcrumbList\",\"@id\":\"https:\/\/gestramites.com\/servicios\/servicios-generales\/nacionalidad-espanola-general\/#breadcrumb\",\"itemListElement\":[{\"@type\":\"ListItem\",\"position\":1,\"name\":\"Home\",\"item\":\"https:\/\/gestramites.com\/\"},{\"@type\":\"ListItem\",\"position\":2,\"name\":\"Servicios\",\"item\":\"https:\/\/gestramites.com\/servicios\/\"},{\"@type\":\"ListItem\",\"position\":3,\"name\":\"Servicios Generales\",\"item\":\"https:\/\/gestramites.com\/servicios\/servicios-generales\/\"},{\"@type\":\"ListItem\",\"position\":4,\"name\":\"Nacionalidad Espa\u00f1ola General\"}]},{\"@type\":\"WebSite\",\"@id\":\"https:\/\/gestramites.com\/#website\",\"url\":\"https:\/\/gestramites.com\/\",\"name\":\"Gestr\u00e1mites | Abogadas expertas en extranjer\u00eda y nacionalidad\",\"description\":\"Tr\u00e1mites de extranjer\u00eda y nacionalidad espa\u00f1ola con abogadas expertas. 20 a\u00f1os regularizando inmigrantes. WhatsApp directo. Respuesta en 24 h.\",\"publisher\":{\"@id\":\"https:\/\/gestramites.com\/#organization\"},\"potentialAction\":[{\"@type\":\"SearchAction\",\"target\":{\"@type\":\"EntryPoint\",\"urlTemplate\":\"https:\/\/gestramites.com\/?s={search_term_string}\"},\"query-input\":{\"@type\":\"PropertyValueSpecification\",\"valueRequired\":true,\"valueName\":\"search_term_string\"}}],\"inLanguage\":\"en-GB\"},{\"@type\":\"Organization\",\"@id\":\"https:\/\/gestramites.com\/#organization\",\"name\":\"Gestr\u00e1mites | Abogadas expertas en extranjer\u00eda y nacionalidad\",\"url\":\"https:\/\/gestramites.com\/\",\"logo\":{\"@type\":\"ImageObject\",\"inLanguage\":\"en-GB\",\"@id\":\"https:\/\/gestramites.com\/#\/schema\/logo\/image\/\",\"url\":\"https:\/\/gestramites.com\/wp-content\/uploads\/2025\/07\/logo_standard-removebg-preview.png\",\"contentUrl\":\"https:\/\/gestramites.com\/wp-content\/uploads\/2025\/07\/logo_standard-removebg-preview.png\",\"width\":257,\"height\":64,\"caption\":\"Gestr\u00e1mites | Abogadas expertas en extranjer\u00eda y nacionalidad\"},\"image\":{\"@id\":\"https:\/\/gestramites.com\/#\/schema\/logo\/image\/\"}}]}<\/script>\n<!-- \/ Yoast SEO plugin. -->","yoast_head_json":{"title":"Nacionalidad Espa\u00f1ola General - Gestr\u00e1mites | Abogadas expertas en extranjer\u00eda y nacionalidad","robots":{"index":"index","follow":"follow","max-snippet":"max-snippet:-1","max-image-preview":"max-image-preview:large","max-video-preview":"max-video-preview:-1"},"canonical":"https:\/\/gestramites.com\/en\/servicios\/servicios-generales\/nacionalidad-espanola-general\/","og_locale":"en_GB","og_type":"article","og_title":"Nacionalidad Espa\u00f1ola General - Gestr\u00e1mites | Abogadas expertas en extranjer\u00eda y nacionalidad","og_description":"Quieres obtener la nacionalidad espa\u00f1ola Nacionalidad espa\u00f1ola por residencia Te acompa\u00f1amos de principio a fin hasta tu ciudadan\u00eda. Para quien: Quienes cumplen el tiempo de residencia legal (plazo general o reducido, seg\u00fan supuestos) y buena conducta c\u00edvica; cuando proceda, DELE A2\/CCSE. Qu\u00e9 te ofrecemos: Revisi\u00f3n de elegibilidad, preparaci\u00f3n y presentaci\u00f3n telem\u00e1tica, gesti\u00f3n de ex\u00e1menes si [&hellip;]","og_url":"https:\/\/gestramites.com\/en\/servicios\/servicios-generales\/nacionalidad-espanola-general\/","og_site_name":"Gestr\u00e1mites | Abogadas expertas en extranjer\u00eda y nacionalidad","article_modified_time":"2025-09-02T10:18:46+00:00","og_image":[{"width":1200,"height":630,"url":"https:\/\/gestramites.com\/wp-content\/uploads\/2025\/07\/servicio_nacionalidad_espanola_web_ok.webp","type":"image\/webp"}],"twitter_card":"summary_large_image","twitter_misc":{"Estimated reading time":"1 minute"},"schema":{"@context":"https:\/\/schema.org","@graph":[{"@type":"WebPage","@id":"https:\/\/gestramites.com\/servicios\/servicios-generales\/nacionalidad-espanola-general\/","url":"https:\/\/gestramites.com\/servicios\/servicios-generales\/nacionalidad-espanola-general\/","name":"Nacionalidad Espa\u00f1ola General - Gestr\u00e1mites | Abogadas expertas en extranjer\u00eda y nacionalidad","isPartOf":{"@id":"https:\/\/gestramites.com\/#website"},"primaryImageOfPage":{"@id":"https:\/\/gestramites.com\/servicios\/servicios-generales\/nacionalidad-espanola-general\/#primaryimage"},"image":{"@id":"https:\/\/gestramites.com\/servicios\/servicios-generales\/nacionalidad-espanola-general\/#primaryimage"},"thumbnailUrl":"https:\/\/gestramites.com\/wp-content\/uploads\/2025\/07\/servicio_nacionalidad_espanola_web_ok-1024x538.webp","datePublished":"2025-09-02T10:16:09+00:00","dateModified":"2025-09-02T10:18:46+00:00","breadcrumb":{"@id":"https:\/\/gestramites.com\/servicios\/servicios-generales\/nacionalidad-espanola-general\/#breadcrumb"},"inLanguage":"en-GB","potentialAction":[{"@type":"ReadAction","target":["https:\/\/gestramites.com\/servicios\/servicios-generales\/nacionalidad-espanola-general\/"]}]},{"@type":"ImageObject","inLanguage":"en-GB","@id":"https:\/\/gestramites.com\/servicios\/servicios-generales\/nacionalidad-espanola-general\/#primaryimage","url":"https:\/\/gestramites.com\/wp-content\/uploads\/2025\/07\/servicio_nacionalidad_espanola_web_ok-1024x538.webp","contentUrl":"https:\/\/gestramites.com\/wp-content\/uploads\/2025\/07\/servicio_nacionalidad_espanola_web_ok-1024x538.webp"},{"@type":"BreadcrumbList","@id":"https:\/\/gestramites.com\/servicios\/servicios-generales\/nacionalidad-espanola-general\/#breadcrumb","itemListElement":[{"@type":"ListItem","position":1,"name":"Home","item":"https:\/\/gestramites.com\/"},{"@type":"ListItem","position":2,"name":"Servicios","item":"https:\/\/gestramites.com\/servicios\/"},{"@type":"ListItem","position":3,"name":"Servicios Generales","item":"https:\/\/gestramites.com\/servicios\/servicios-generales\/"},{"@type":"ListItem","position":4,"name":"Nacionalidad Espa\u00f1ola General"}]},{"@type":"WebSite","@id":"https:\/\/gestramites.com\/#website","url":"https:\/\/gestramites.com\/","name":"Gestr\u00e1mites | Abogadas expertas en extranjer\u00eda y nacionalidad","description":"Tr\u00e1mites de extranjer\u00eda y nacionalidad espa\u00f1ola con abogadas expertas. 20 a\u00f1os regularizando inmigrantes. WhatsApp directo. Respuesta en 24 h.","publisher":{"@id":"https:\/\/gestramites.com\/#organization"},"potentialAction":[{"@type":"SearchAction","target":{"@type":"EntryPoint","urlTemplate":"https:\/\/gestramites.com\/?s={search_term_string}"},"query-input":{"@type":"PropertyValueSpecification","valueRequired":true,"valueName":"search_term_string"}}],"inLanguage":"en-GB"},{"@type":"Organization","@id":"https:\/\/gestramites.com\/#organization","name":"Gestr\u00e1mites | Abogadas expertas en extranjer\u00eda y nacionalidad","url":"https:\/\/gestramites.com\/","logo":{"@type":"ImageObject","inLanguage":"en-GB","@id":"https:\/\/gestramites.com\/#\/schema\/logo\/image\/","url":"https:\/\/gestramites.com\/wp-content\/uploads\/2025\/07\/logo_standard-removebg-preview.png","contentUrl":"https:\/\/gestramites.com\/wp-content\/uploads\/2025\/07\/logo_standard-removebg-preview.png","width":257,"height":64,"caption":"Gestr\u00e1mites | Abogadas expertas en extranjer\u00eda y nacionalidad"},"image":{"@id":"https:\/\/gestramites.com\/#\/schema\/logo\/image\/"}}]}},"_links":{"self":[{"href":"https:\/\/gestramites.com\/en\/wp-json\/wp\/v2\/pages\/2294","targetHints":{"allow":["GET"]}}],"collection":[{"href":"https:\/\/gestramites.com\/en\/wp-json\/wp\/v2\/pages"}],"about":[{"href":"https:\/\/gestramites.com\/en\/wp-json\/wp\/v2\/types\/page"}],"author":[{"embeddable":true,"href":"https:\/\/gestramites.com\/en\/wp-json\/wp\/v2\/users\/1"}],"replies":[{"embeddable":true,"href":"https:\/\/gestramites.com\/en\/wp-json\/wp\/v2\/comments?post=2294"}],"version-history":[{"count":7,"href":"https:\/\/gestramites.com\/en\/wp-json\/wp\/v2\/pages\/2294\/revisions"}],"predecessor-version":[{"id":2301,"href":"https:\/\/gestramites.com\/en\/wp-json\/wp\/v2\/pages\/2294\/revisions\/2301"}],"up":[{"embeddable":true,"href":"https:\/\/gestramites.com\/en\/wp-json\/wp\/v2\/pages\/1735"}],"wp:attachment":[{"href":"https:\/\/gestramites.com\/en\/wp-json\/wp\/v2\/media?parent=2294"}],"curies":[{"name":"wp","href":"https:\/\/api.w.org\/{rel}","templated":true}]}}