{"id":540,"date":"2025-07-02T06:22:53","date_gmt":"2025-07-02T06:22:53","guid":{"rendered":"https:\/\/demo.gestramites.com\/index.php\/about\/"},"modified":"2026-03-30T09:50:40","modified_gmt":"2026-03-30T09:50:40","slug":"sobre-nosotros","status":"publish","type":"page","link":"https:\/\/gestramites.com\/en\/sobre-nosotros\/","title":{"rendered":"ABOUT US"},"content":{"rendered":"<div data-elementor-type=\"wp-post\" data-elementor-id=\"540\" class=\"elementor elementor-540\" data-elementor-post-type=\"page\">\n\t\t\t\t<div class=\"elementor-element elementor-element-5f02ddf e-flex e-con-boxed e-con e-parent\" data-id=\"5f02ddf\" data-element_type=\"container\" data-settings=\"{&quot;background_background&quot;:&quot;classic&quot;}\">\n\t\t\t\t\t<div class=\"e-con-inner\">\n\t\t<div class=\"elementor-element elementor-element-0502d81 e-con-full e-flex e-con e-child\" data-id=\"0502d81\" data-element_type=\"container\">\n\t\t\t\t<div class=\"elementor-element elementor-element-03d202b elementor-widget elementor-widget-heading\" data-id=\"03d202b\" data-element_type=\"widget\" data-widget_type=\"heading.default\">\n\t\t\t\t<div class=\"elementor-widget-container\">\n\t\t\t\t\t<h1 class=\"elementor-heading-title elementor-size-default\">ABOUT US<\/h1>\t\t\t\t<\/div>\n\t\t\t\t<\/div>\n\t\t\t\t<\/div>\n\t\t\t\t\t<\/div>\n\t\t\t\t<\/div>\n\t\t<div class=\"elementor-element elementor-element-5fec503 e-flex e-con-boxed e-con e-parent\" data-id=\"5fec503\" data-element_type=\"container\">\n\t\t\t\t\t<div class=\"e-con-inner\">\n\t\t\t\t<div class=\"elementor-element elementor-element-a01f0dc elementor-widget elementor-widget-heading\" data-id=\"a01f0dc\" data-element_type=\"widget\" data-widget_type=\"heading.default\">\n\t\t\t\t<div class=\"elementor-widget-container\">\n\t\t\t\t\t<h2 class=\"elementor-heading-title elementor-size-default\">Gestr\u00e1mites<\/h2>\t\t\t\t<\/div>\n\t\t\t\t<\/div>\n\t\t\t\t<div class=\"elementor-element elementor-element-0244f25 elementor-widget__width-initial elementor-widget elementor-widget-text-editor\" data-id=\"0244f25\" data-element_type=\"widget\" data-widget_type=\"text-editor.default\">\n\t\t\t\t<div class=\"elementor-widget-container\">\n\t\t\t\t\t\t\t\t\t<p>Gestr\u00e1mites is a law firm specializing in immigration and Spanish nationality law with offices in Madrid and Aranjuez. Led by attorney Mar\u00eda Constanza Su\u00e1rez Lemus, our team has over 25 years of experience defending the rights of migrants in Spain.<\/p>\t\t\t\t\t\t\t\t<\/div>\n\t\t\t\t<\/div>\n\t\t\t\t\t<\/div>\n\t\t\t\t<\/div>\n\t\t<div class=\"elementor-element elementor-element-ce23579 e-flex e-con-boxed e-con e-parent\" data-id=\"ce23579\" data-element_type=\"container\">\n\t\t\t\t\t<div class=\"e-con-inner\">\n\t\t<div class=\"elementor-element elementor-element-e8e4600 e-con-full e-flex e-con e-child\" data-id=\"e8e4600\" data-element_type=\"container\" data-settings=\"{&quot;background_background&quot;:&quot;classic&quot;}\">\n\t\t\t\t<div class=\"elementor-element elementor-element-78a56ad elementor-position-top elementor-position-left elementor-vertical-align-middle elementor-widget elementor-widget-image-box\" data-id=\"78a56ad\" data-element_type=\"widget\" data-widget_type=\"image-box.default\">\n\t\t\t\t<div class=\"elementor-widget-container\">\n\t\t\t\t\t<div class=\"elementor-image-box-wrapper\"><figure class=\"elementor-image-box-img\"><img fetchpriority=\"high\" decoding=\"async\" width=\"1200\" height=\"675\" src=\"https:\/\/gestramites.com\/wp-content\/uploads\/2025\/07\/constanza_directora.webp\" class=\"attachment-full size-full wp-image-1589\" alt=\"\" srcset=\"https:\/\/gestramites.com\/wp-content\/uploads\/2025\/07\/constanza_directora.webp 1200w, https:\/\/gestramites.com\/wp-content\/uploads\/2025\/07\/constanza_directora-600x338.webp 600w, https:\/\/gestramites.com\/wp-content\/uploads\/2025\/07\/constanza_directora-300x169.webp 300w, https:\/\/gestramites.com\/wp-content\/uploads\/2025\/07\/constanza_directora-1024x576.webp 1024w, https:\/\/gestramites.com\/wp-content\/uploads\/2025\/07\/constanza_directora-768x432.webp 768w\" sizes=\"(max-width: 1200px) 100vw, 1200px\" \/><\/figure><div class=\"elementor-image-box-content\"><p class=\"elementor-image-box-description\">Abogada de la Universidad de Los Andes (Bogot\u00e1), colegiada en el Ilustre Colegio de Abogados de Madrid (ICAM) y M\u00e1ster en Administraci\u00f3n de Empresas (MBA) por la Universidad de Exeter (Reino Unido). M\u00e1s de 20 a\u00f1os de experiencia en Derecho de Extranjer\u00eda y Derecho de Familia.<\/p><\/div><\/div>\t\t\t\t<\/div>\n\t\t\t\t<\/div>\n\t\t\t\t<\/div>\n\t\t\t\t\t<\/div>\n\t\t\t\t<\/div>\n\t\t<div class=\"elementor-element elementor-element-509df72 e-flex e-con-boxed e-con e-parent\" data-id=\"509df72\" data-element_type=\"container\">\n\t\t\t\t\t<div class=\"e-con-inner\">\n\t\t<div class=\"elementor-element elementor-element-28db8b8 e-con-full e-flex e-con e-child\" data-id=\"28db8b8\" data-element_type=\"container\" data-settings=\"{&quot;background_background&quot;:&quot;classic&quot;}\">\n\t\t\t\t<div class=\"elementor-element elementor-element-d51fef2 elementor-position-top elementor-widget elementor-widget-image-box\" data-id=\"d51fef2\" data-element_type=\"widget\" data-widget_type=\"image-box.default\">\n\t\t\t\t<div class=\"elementor-widget-container\">\n\t\t\t\t\t<div class=\"elementor-image-box-wrapper\"><figure class=\"elementor-image-box-img\"><img decoding=\"async\" src=\"https:\/\/gestramites.com\/wp-content\/uploads\/elementor\/thumbs\/foto_victoria_actualizada-r87jkrfi1nd7w3irj1gqrfqnudpo4ehh9rpyrh51a8.webp\" title=\"foto_victoria_actualizada\" alt=\"foto_victoria_actualizada\" loading=\"lazy\" \/><\/figure><div class=\"elementor-image-box-content\"><h3 class=\"elementor-image-box-title\">Victoria Eugenia Su\u00e1rez Lemus<\/h3><p class=\"elementor-image-box-description\">Lawyer specializing in Commercial and Financial Law.<\/p><\/div><\/div>\t\t\t\t<\/div>\n\t\t\t\t<\/div>\n\t\t\t\t<\/div>\n\t\t<div class=\"elementor-element elementor-element-2163915 e-con-full e-flex e-con e-child\" data-id=\"2163915\" data-element_type=\"container\" data-settings=\"{&quot;background_background&quot;:&quot;classic&quot;}\">\n\t\t\t\t<div class=\"elementor-element elementor-element-089a59d elementor-position-top elementor-widget elementor-widget-image-box\" data-id=\"089a59d\" data-element_type=\"widget\" data-widget_type=\"image-box.default\">\n\t\t\t\t<div class=\"elementor-widget-container\">\n\t\t\t\t\t<div class=\"elementor-image-box-wrapper\"><figure class=\"elementor-image-box-img\"><img decoding=\"async\" src=\"https:\/\/gestramites.com\/wp-content\/uploads\/elementor\/thumbs\/JAVIER2-915x1024-1-r85tqyjsjuetlimfnfbcxlzg0ieq2n7dl2l10fcxc0.jpg\" title=\"JAVIER2-915&#215;1024\" alt=\"JAVIER2-915x1024\" loading=\"lazy\" \/><\/figure><div class=\"elementor-image-box-content\"><h3 class=\"elementor-image-box-title\">Javier Puerta Velasco<\/h3><p class=\"elementor-image-box-description\">Doctor in English Philology and expert conflict mediator.<\/p><\/div><\/div>\t\t\t\t<\/div>\n\t\t\t\t<\/div>\n\t\t\t\t<\/div>\n\t\t<div class=\"elementor-element elementor-element-5c453b2 e-con-full e-flex e-con e-child\" data-id=\"5c453b2\" data-element_type=\"container\" data-settings=\"{&quot;background_background&quot;:&quot;classic&quot;}\">\n\t\t\t\t<div class=\"elementor-element elementor-element-25617db elementor-position-top elementor-widget elementor-widget-image-box\" data-id=\"25617db\" data-element_type=\"widget\" data-widget_type=\"image-box.default\">\n\t\t\t\t<div class=\"elementor-widget-container\">\n\t\t\t\t\t<div class=\"elementor-image-box-wrapper\"><figure class=\"elementor-image-box-img\"><img decoding=\"async\" src=\"https:\/\/gestramites.com\/wp-content\/uploads\/elementor\/thumbs\/JORGE1-r85tqvq9zcaymoqj3w3h84p28csmfjw6komkklh3uo.jpg\" title=\"JORGE1\" alt=\"JORGE1\" loading=\"lazy\" \/><\/figure><div class=\"elementor-image-box-content\"><h3 class=\"elementor-image-box-title\">Jorge Alberto Perea Bello<\/h3><p class=\"elementor-image-box-description\">Architect specializing in Project Management and Director of International Mobility Procedures.<\/p><\/div><\/div>\t\t\t\t<\/div>\n\t\t\t\t<\/div>\n\t\t\t\t<\/div>\n\t\t\t\t\t<\/div>\n\t\t\t\t<\/div>\n\t\t\t\t<\/div>","protected":false},"excerpt":{"rendered":"<p>Sobre nosotros Gestr\u00e1mites Gestr\u00e1mites es un despacho jur\u00eddico especializado en Derecho de Extranjer\u00eda y Nacionalidad Espa\u00f1ola con sede en Madrid y Aranjuez. Liderado por la abogada Mar\u00eda Constanza Su\u00e1rez Lemus, nuestro equipo acumula m\u00e1s de 25 a\u00f1os de experiencia defendiendo los derechos de los migrantes en Espa\u00f1a. Abogada de la Universidad de Los Andes (Bogot\u00e1), [&hellip;]<\/p>","protected":false},"author":1,"featured_media":0,"parent":0,"menu_order":0,"comment_status":"closed","ping_status":"closed","template":"","meta":{"site-sidebar-layout":"no-sidebar","site-content-layout":"page-builder","ast-site-content-layout":"full-width-container","site-content-style":"unboxed","site-sidebar-style":"unboxed","ast-global-header-display":"","ast-banner-title-visibility":"","ast-main-header-display":"","ast-hfb-above-header-display":"","ast-hfb-below-header-display":"","ast-hfb-mobile-header-display":"","site-post-title":"disabled","ast-breadcrumbs-content":"","ast-featured-img":"disabled","footer-sml-layout":"","theme-transparent-header-meta":"enabled","adv-header-id-meta":"","stick-header-meta":"","header-above-stick-meta":"","header-main-stick-meta":"","header-below-stick-meta":"","astra-migrate-meta-layouts":"set","ast-page-background-enabled":"default","ast-page-background-meta":{"desktop":{"background-color":"","background-image":"","background-repeat":"repeat","background-position":"center center","background-size":"auto","background-attachment":"scroll","background-type":"","background-media":"","overlay-type":"","overlay-color":"","overlay-opacity":"","overlay-gradient":""},"tablet":{"background-color":"","background-image":"","background-repeat":"repeat","background-position":"center center","background-size":"auto","background-attachment":"scroll","background-type":"","background-media":"","overlay-type":"","overlay-color":"","overlay-opacity":"","overlay-gradient":""},"mobile":{"background-color":"","background-image":"","background-repeat":"repeat","background-position":"center center","background-size":"auto","background-attachment":"scroll","background-type":"","background-media":"","overlay-type":"","overlay-color":"","overlay-opacity":"","overlay-gradient":""}},"ast-content-background-meta":{"desktop":{"background-color":"var(--ast-global-color-5)","background-image":"","background-repeat":"repeat","background-position":"center center","background-size":"auto","background-attachment":"scroll","background-type":"","background-media":"","overlay-type":"","overlay-color":"","overlay-opacity":"","overlay-gradient":""},"tablet":{"background-color":"var(--ast-global-color-5)","background-image":"","background-repeat":"repeat","background-position":"center center","background-size":"auto","background-attachment":"scroll","background-type":"","background-media":"","overlay-type":"","overlay-color":"","overlay-opacity":"","overlay-gradient":""},"mobile":{"background-color":"var(--ast-global-color-5)","background-image":"","background-repeat":"repeat","background-position":"center center","background-size":"auto","background-attachment":"scroll","background-type":"","background-media":"","overlay-type":"","overlay-color":"","overlay-opacity":"","overlay-gradient":""}},"_joinchat":[],"footnotes":""},"class_list":["post-540","page","type-page","status-publish","hentry"],"yoast_head":"<!-- This site is optimized with the Yoast SEO plugin v26.7 - https:\/\/yoast.com\/wordpress\/plugins\/seo\/ -->\n<title>Sobre nosotros - Gestr\u00e1mites | Abogadas expertas en extranjer\u00eda y nacionalidad<\/title>\n<meta name=\"robots\" content=\"index, follow, max-snippet:-1, max-image-preview:large, max-video-preview:-1\" \/>\n<link rel=\"canonical\" href=\"https:\/\/gestramites.com\/en\/sobre-nosotros\/\" \/>\n<meta property=\"og:locale\" content=\"en_GB\" \/>\n<meta property=\"og:type\" content=\"article\" \/>\n<meta property=\"og:title\" content=\"Sobre nosotros - Gestr\u00e1mites | Abogadas expertas en extranjer\u00eda y nacionalidad\" \/>\n<meta property=\"og:description\" content=\"Sobre nosotros Gestr\u00e1mites Gestr\u00e1mites es un despacho jur\u00eddico especializado en Derecho de Extranjer\u00eda y Nacionalidad Espa\u00f1ola con sede en Madrid y Aranjuez. Liderado por la abogada Mar\u00eda Constanza Su\u00e1rez Lemus, nuestro equipo acumula m\u00e1s de 25 a\u00f1os de experiencia defendiendo los derechos de los migrantes en Espa\u00f1a. Abogada de la Universidad de Los Andes (Bogot\u00e1), [&hellip;]\" \/>\n<meta property=\"og:url\" content=\"https:\/\/gestramites.com\/en\/sobre-nosotros\/\" \/>\n<meta property=\"og:site_name\" content=\"Gestr\u00e1mites | Abogadas expertas en extranjer\u00eda y nacionalidad\" \/>\n<meta property=\"article:modified_time\" content=\"2026-03-30T09:50:40+00:00\" \/>\n<meta property=\"og:image\" content=\"https:\/\/gestramites.com\/wp-content\/uploads\/2025\/07\/constanza_directora.webp\" \/>\n\t<meta property=\"og:image:width\" content=\"1200\" \/>\n\t<meta property=\"og:image:height\" content=\"675\" \/>\n\t<meta property=\"og:image:type\" content=\"image\/webp\" \/>\n<meta name=\"twitter:card\" content=\"summary_large_image\" \/>\n<meta name=\"twitter:label1\" content=\"Estimated reading time\" \/>\n\t<meta name=\"twitter:data1\" content=\"2 minutes\" \/>\n<script type=\"application\/ld+json\" class=\"yoast-schema-graph\">{\"@context\":\"https:\/\/schema.org\",\"@graph\":[{\"@type\":\"WebPage\",\"@id\":\"https:\/\/gestramites.com\/sobre-nosotros\/\",\"url\":\"https:\/\/gestramites.com\/sobre-nosotros\/\",\"name\":\"Sobre nosotros - Gestr\u00e1mites | Abogadas expertas en extranjer\u00eda y nacionalidad\",\"isPartOf\":{\"@id\":\"https:\/\/gestramites.com\/#website\"},\"primaryImageOfPage\":{\"@id\":\"https:\/\/gestramites.com\/sobre-nosotros\/#primaryimage\"},\"image\":{\"@id\":\"https:\/\/gestramites.com\/sobre-nosotros\/#primaryimage\"},\"thumbnailUrl\":\"https:\/\/gestramites.com\/wp-content\/uploads\/2025\/07\/constanza_directora.webp\",\"datePublished\":\"2025-07-02T06:22:53+00:00\",\"dateModified\":\"2026-03-30T09:50:40+00:00\",\"breadcrumb\":{\"@id\":\"https:\/\/gestramites.com\/sobre-nosotros\/#breadcrumb\"},\"inLanguage\":\"en-GB\",\"potentialAction\":[{\"@type\":\"ReadAction\",\"target\":[\"https:\/\/gestramites.com\/sobre-nosotros\/\"]}]},{\"@type\":\"ImageObject\",\"inLanguage\":\"en-GB\",\"@id\":\"https:\/\/gestramites.com\/sobre-nosotros\/#primaryimage\",\"url\":\"https:\/\/gestramites.com\/wp-content\/uploads\/2025\/07\/constanza_directora.webp\",\"contentUrl\":\"https:\/\/gestramites.com\/wp-content\/uploads\/2025\/07\/constanza_directora.webp\"},{\"@type\":\"BreadcrumbList\",\"@id\":\"https:\/\/gestramites.com\/sobre-nosotros\/#breadcrumb\",\"itemListElement\":[{\"@type\":\"ListItem\",\"position\":1,\"name\":\"Home\",\"item\":\"https:\/\/gestramites.com\/\"},{\"@type\":\"ListItem\",\"position\":2,\"name\":\"Sobre nosotros\"}]},{\"@type\":\"WebSite\",\"@id\":\"https:\/\/gestramites.com\/#website\",\"url\":\"https:\/\/gestramites.com\/\",\"name\":\"Gestr\u00e1mites | Abogadas expertas en extranjer\u00eda y nacionalidad\",\"description\":\"Tr\u00e1mites de extranjer\u00eda y nacionalidad espa\u00f1ola con abogadas expertas. 20 a\u00f1os regularizando inmigrantes. WhatsApp directo. Respuesta en 24 h.\",\"publisher\":{\"@id\":\"https:\/\/gestramites.com\/#organization\"},\"potentialAction\":[{\"@type\":\"SearchAction\",\"target\":{\"@type\":\"EntryPoint\",\"urlTemplate\":\"https:\/\/gestramites.com\/?s={search_term_string}\"},\"query-input\":{\"@type\":\"PropertyValueSpecification\",\"valueRequired\":true,\"valueName\":\"search_term_string\"}}],\"inLanguage\":\"en-GB\"},{\"@type\":\"Organization\",\"@id\":\"https:\/\/gestramites.com\/#organization\",\"name\":\"Gestr\u00e1mites | Abogadas expertas en extranjer\u00eda y nacionalidad\",\"url\":\"https:\/\/gestramites.com\/\",\"logo\":{\"@type\":\"ImageObject\",\"inLanguage\":\"en-GB\",\"@id\":\"https:\/\/gestramites.com\/#\/schema\/logo\/image\/\",\"url\":\"https:\/\/gestramites.com\/wp-content\/uploads\/2025\/07\/logo_standard-removebg-preview.png\",\"contentUrl\":\"https:\/\/gestramites.com\/wp-content\/uploads\/2025\/07\/logo_standard-removebg-preview.png\",\"width\":257,\"height\":64,\"caption\":\"Gestr\u00e1mites | Abogadas expertas en extranjer\u00eda y nacionalidad\"},\"image\":{\"@id\":\"https:\/\/gestramites.com\/#\/schema\/logo\/image\/\"}}]}<\/script>\n<!-- \/ Yoast SEO plugin. -->","yoast_head_json":{"title":"Sobre nosotros - Gestr\u00e1mites | Abogadas expertas en extranjer\u00eda y nacionalidad","robots":{"index":"index","follow":"follow","max-snippet":"max-snippet:-1","max-image-preview":"max-image-preview:large","max-video-preview":"max-video-preview:-1"},"canonical":"https:\/\/gestramites.com\/en\/sobre-nosotros\/","og_locale":"en_GB","og_type":"article","og_title":"Sobre nosotros - Gestr\u00e1mites | Abogadas expertas en extranjer\u00eda y nacionalidad","og_description":"Sobre nosotros Gestr\u00e1mites Gestr\u00e1mites es un despacho jur\u00eddico especializado en Derecho de Extranjer\u00eda y Nacionalidad Espa\u00f1ola con sede en Madrid y Aranjuez. Liderado por la abogada Mar\u00eda Constanza Su\u00e1rez Lemus, nuestro equipo acumula m\u00e1s de 25 a\u00f1os de experiencia defendiendo los derechos de los migrantes en Espa\u00f1a. Abogada de la Universidad de Los Andes (Bogot\u00e1), [&hellip;]","og_url":"https:\/\/gestramites.com\/en\/sobre-nosotros\/","og_site_name":"Gestr\u00e1mites | Abogadas expertas en extranjer\u00eda y nacionalidad","article_modified_time":"2026-03-30T09:50:40+00:00","og_image":[{"width":1200,"height":675,"url":"https:\/\/gestramites.com\/wp-content\/uploads\/2025\/07\/constanza_directora.webp","type":"image\/webp"}],"twitter_card":"summary_large_image","twitter_misc":{"Estimated reading time":"2 minutes"},"schema":{"@context":"https:\/\/schema.org","@graph":[{"@type":"WebPage","@id":"https:\/\/gestramites.com\/sobre-nosotros\/","url":"https:\/\/gestramites.com\/sobre-nosotros\/","name":"Sobre nosotros - Gestr\u00e1mites | Abogadas expertas en extranjer\u00eda y nacionalidad","isPartOf":{"@id":"https:\/\/gestramites.com\/#website"},"primaryImageOfPage":{"@id":"https:\/\/gestramites.com\/sobre-nosotros\/#primaryimage"},"image":{"@id":"https:\/\/gestramites.com\/sobre-nosotros\/#primaryimage"},"thumbnailUrl":"https:\/\/gestramites.com\/wp-content\/uploads\/2025\/07\/constanza_directora.webp","datePublished":"2025-07-02T06:22:53+00:00","dateModified":"2026-03-30T09:50:40+00:00","breadcrumb":{"@id":"https:\/\/gestramites.com\/sobre-nosotros\/#breadcrumb"},"inLanguage":"en-GB","potentialAction":[{"@type":"ReadAction","target":["https:\/\/gestramites.com\/sobre-nosotros\/"]}]},{"@type":"ImageObject","inLanguage":"en-GB","@id":"https:\/\/gestramites.com\/sobre-nosotros\/#primaryimage","url":"https:\/\/gestramites.com\/wp-content\/uploads\/2025\/07\/constanza_directora.webp","contentUrl":"https:\/\/gestramites.com\/wp-content\/uploads\/2025\/07\/constanza_directora.webp"},{"@type":"BreadcrumbList","@id":"https:\/\/gestramites.com\/sobre-nosotros\/#breadcrumb","itemListElement":[{"@type":"ListItem","position":1,"name":"Home","item":"https:\/\/gestramites.com\/"},{"@type":"ListItem","position":2,"name":"Sobre nosotros"}]},{"@type":"WebSite","@id":"https:\/\/gestramites.com\/#website","url":"https:\/\/gestramites.com\/","name":"Gestr\u00e1mites | Abogadas expertas en extranjer\u00eda y nacionalidad","description":"Tr\u00e1mites de extranjer\u00eda y nacionalidad espa\u00f1ola con abogadas expertas. 20 a\u00f1os regularizando inmigrantes. WhatsApp directo. Respuesta en 24 h.","publisher":{"@id":"https:\/\/gestramites.com\/#organization"},"potentialAction":[{"@type":"SearchAction","target":{"@type":"EntryPoint","urlTemplate":"https:\/\/gestramites.com\/?s={search_term_string}"},"query-input":{"@type":"PropertyValueSpecification","valueRequired":true,"valueName":"search_term_string"}}],"inLanguage":"en-GB"},{"@type":"Organization","@id":"https:\/\/gestramites.com\/#organization","name":"Gestr\u00e1mites | Abogadas expertas en extranjer\u00eda y nacionalidad","url":"https:\/\/gestramites.com\/","logo":{"@type":"ImageObject","inLanguage":"en-GB","@id":"https:\/\/gestramites.com\/#\/schema\/logo\/image\/","url":"https:\/\/gestramites.com\/wp-content\/uploads\/2025\/07\/logo_standard-removebg-preview.png","contentUrl":"https:\/\/gestramites.com\/wp-content\/uploads\/2025\/07\/logo_standard-removebg-preview.png","width":257,"height":64,"caption":"Gestr\u00e1mites | Abogadas expertas en extranjer\u00eda y nacionalidad"},"image":{"@id":"https:\/\/gestramites.com\/#\/schema\/logo\/image\/"}}]}},"_links":{"self":[{"href":"https:\/\/gestramites.com\/en\/wp-json\/wp\/v2\/pages\/540","targetHints":{"allow":["GET"]}}],"collection":[{"href":"https:\/\/gestramites.com\/en\/wp-json\/wp\/v2\/pages"}],"about":[{"href":"https:\/\/gestramites.com\/en\/wp-json\/wp\/v2\/types\/page"}],"author":[{"embeddable":true,"href":"https:\/\/gestramites.com\/en\/wp-json\/wp\/v2\/users\/1"}],"replies":[{"embeddable":true,"href":"https:\/\/gestramites.com\/en\/wp-json\/wp\/v2\/comments?post=540"}],"version-history":[{"count":34,"href":"https:\/\/gestramites.com\/en\/wp-json\/wp\/v2\/pages\/540\/revisions"}],"predecessor-version":[{"id":2775,"href":"https:\/\/gestramites.com\/en\/wp-json\/wp\/v2\/pages\/540\/revisions\/2775"}],"wp:attachment":[{"href":"https:\/\/gestramites.com\/en\/wp-json\/wp\/v2\/media?parent=540"}],"curies":[{"name":"wp","href":"https:\/\/api.w.org\/{rel}","templated":true}]}}