{"id":543,"date":"2025-07-02T06:22:53","date_gmt":"2025-07-02T06:22:53","guid":{"rendered":"https:\/\/demo.gestramites.com\/index.php\/contact\/"},"modified":"2026-01-16T11:39:56","modified_gmt":"2026-01-16T11:39:56","slug":"contacto","status":"publish","type":"page","link":"https:\/\/gestramites.com\/en\/contacto\/","title":{"rendered":"CONTACT"},"content":{"rendered":"<div data-elementor-type=\"wp-post\" data-elementor-id=\"543\" class=\"elementor elementor-543\" data-elementor-post-type=\"page\">\n\t\t\t\t<div class=\"elementor-element elementor-element-1e6bb73 e-flex e-con-boxed e-con e-parent\" data-id=\"1e6bb73\" data-element_type=\"container\" data-settings=\"{&quot;background_background&quot;:&quot;classic&quot;}\">\n\t\t\t\t\t<div class=\"e-con-inner\">\n\t\t<div class=\"elementor-element elementor-element-2ebda9e e-con-full e-flex e-con e-child\" data-id=\"2ebda9e\" data-element_type=\"container\">\n\t\t\t\t<div class=\"elementor-element elementor-element-9874375 elementor-widget elementor-widget-heading\" data-id=\"9874375\" data-element_type=\"widget\" data-widget_type=\"heading.default\">\n\t\t\t\t<div class=\"elementor-widget-container\">\n\t\t\t\t\t<h1 class=\"elementor-heading-title elementor-size-default\">Gestr\u00e1mites Contact<\/h1>\t\t\t\t<\/div>\n\t\t\t\t<\/div>\n\t\t\t\t<\/div>\n\t\t\t\t\t<\/div>\n\t\t\t\t<\/div>\n\t\t<div class=\"elementor-element elementor-element-e0b235d e-flex e-con-boxed e-con e-parent\" data-id=\"e0b235d\" data-element_type=\"container\" data-settings=\"{&quot;background_background&quot;:&quot;classic&quot;}\">\n\t\t\t\t\t<div class=\"e-con-inner\">\n\t\t<div class=\"elementor-element elementor-element-a66cbff e-con-full e-flex e-con e-child\" data-id=\"a66cbff\" data-element_type=\"container\">\n\t\t\t\t<div class=\"elementor-element elementor-element-917fcba elementor-widget elementor-widget-heading\" data-id=\"917fcba\" data-element_type=\"widget\" data-widget_type=\"heading.default\">\n\t\t\t\t<div class=\"elementor-widget-container\">\n\t\t\t\t\t<h2 class=\"elementor-heading-title elementor-size-default\">Let's talk about your legal<br>situation We're here to help<\/h2>\t\t\t\t<\/div>\n\t\t\t\t<\/div>\n\t\t\t\t<div class=\"elementor-element elementor-element-113e3c7f elementor-widget elementor-widget-form\" data-id=\"113e3c7f\" data-element_type=\"widget\" data-settings=\"{&quot;button_width&quot;:&quot;25&quot;,&quot;step_next_label&quot;:&quot;Siguiente&quot;,&quot;step_previous_label&quot;:&quot;Anterior&quot;,&quot;button_width_mobile&quot;:&quot;25&quot;,&quot;step_type&quot;:&quot;number_text&quot;,&quot;step_icon_shape&quot;:&quot;circle&quot;}\" data-widget_type=\"form.default\">\n\t\t\t\t<div class=\"elementor-widget-container\">\n\t\t\t\t\t\t\t<form class=\"elementor-form\" method=\"post\" name=\"Formulario de contacto - Footer (todas las p\u00e1ginas)\" aria-label=\"Formulario de contacto - Footer (todas las p\u00e1ginas)\" action=\"\">\n\t\t\t<input type=\"hidden\" name=\"post_id\" value=\"543\"\/>\n\t\t\t<input type=\"hidden\" name=\"form_id\" value=\"113e3c7f\"\/>\n\t\t\t<input type=\"hidden\" name=\"referer_title\" value=\"Contacto - Gestr\u00e1mites | Abogadas expertas en extranjer\u00eda y nacionalidad\" \/>\n\n\t\t\t\t\t\t\t<input type=\"hidden\" name=\"queried_id\" value=\"543\"\/>\n\t\t\t\n\t\t\t<div class=\"elementor-form-fields-wrapper elementor-labels-above\">\n\t\t\t\t\t\t\t\t<div class=\"elementor-field-type-text elementor-field-group elementor-column elementor-field-group-name elementor-col-50 elementor-field-required\">\n\t\t\t\t\t\t\t\t\t\t\t\t\t<input size=\"1\" type=\"text\" name=\"form_fields[name]\" id=\"form-field-name\" class=\"elementor-field elementor-size-sm  elementor-field-textual\" placeholder=\"Full name\" required=\"required\">\n\t\t\t\t\t\t\t\t\t\t\t<\/div>\n\t\t\t\t\t\t\t\t<div class=\"elementor-field-type-email elementor-field-group elementor-column elementor-field-group-email elementor-col-50 elementor-field-required\">\n\t\t\t\t\t\t\t\t\t\t\t\t\t<input size=\"1\" type=\"email\" name=\"form_fields[email]\" id=\"form-field-email\" class=\"elementor-field elementor-size-sm  elementor-field-textual\" placeholder=\"Email\" required=\"required\">\n\t\t\t\t\t\t\t\t\t\t\t<\/div>\n\t\t\t\t\t\t\t\t<div class=\"elementor-field-type-tel elementor-field-group elementor-column elementor-field-group-field_4ea3de1 elementor-col-50 elementor-field-required\">\n\t\t\t\t\t\t\t<input size=\"1\" type=\"tel\" name=\"form_fields[field_4ea3de1]\" id=\"form-field-field_4ea3de1\" class=\"elementor-field elementor-size-sm  elementor-field-textual\" placeholder=\"Phone\" required=\"required\" pattern=\"[0-9()#&amp;+*-=.]+\" title=\"Solo se aceptan n\u00fameros y caracteres de tel\u00e9fono (#,-,*,etc).\">\n\n\t\t\t\t\t\t<\/div>\n\t\t\t\t\t\t\t\t<div class=\"elementor-field-type-text elementor-field-group elementor-column elementor-field-group-field_fa779b6 elementor-col-50 elementor-field-required\">\n\t\t\t\t\t\t\t\t\t\t\t\t\t<input size=\"1\" type=\"text\" name=\"form_fields[field_fa779b6]\" id=\"form-field-field_fa779b6\" class=\"elementor-field elementor-size-sm  elementor-field-textual\" placeholder=\"Current nationality\" required=\"required\">\n\t\t\t\t\t\t\t\t\t\t\t<\/div>\n\t\t\t\t\t\t\t\t<div class=\"elementor-field-type-text elementor-field-group elementor-column elementor-field-group-field_6e94ba7 elementor-col-50\">\n\t\t\t\t\t\t\t\t\t\t\t\t\t<input size=\"1\" type=\"text\" name=\"form_fields[field_6e94ba7]\" id=\"form-field-field_6e94ba7\" class=\"elementor-field elementor-size-sm  elementor-field-textual\" placeholder=\"Current situation in Spain\">\n\t\t\t\t\t\t\t\t\t\t\t<\/div>\n\t\t\t\t\t\t\t\t<div class=\"elementor-field-type-text elementor-field-group elementor-column elementor-field-group-field_cffde3b elementor-col-50\">\n\t\t\t\t\t\t\t\t\t\t\t\t\t<input size=\"1\" type=\"text\" name=\"form_fields[field_cffde3b]\" id=\"form-field-field_cffde3b\" class=\"elementor-field elementor-size-sm  elementor-field-textual\" placeholder=\"Reason for consultation\">\n\t\t\t\t\t\t\t\t\t\t\t<\/div>\n\t\t\t\t\t\t\t\t<div class=\"elementor-field-type-textarea elementor-field-group elementor-column elementor-field-group-message elementor-col-100\">\n\t\t\t\t\t<textarea class=\"elementor-field-textual elementor-field  elementor-size-sm\" name=\"form_fields[message]\" id=\"form-field-message\" rows=\"4\" placeholder=\"Case description:\"><\/textarea>\t\t\t\t<\/div>\n\t\t\t\t\t\t\t\t<div class=\"elementor-field-type-text elementor-field-group elementor-column elementor-field-group-field_ec52d60 elementor-col-100\">\n\t\t\t\t\t\t\t\t\t\t\t\t\t<input size=\"1\" type=\"text\" name=\"form_fields[field_ec52d60]\" id=\"form-field-field_ec52d60\" class=\"elementor-field elementor-size-sm  elementor-field-textual\" placeholder=\"How did you hear about us?\">\n\t\t\t\t\t\t\t\t\t\t\t<\/div>\n\t\t\t\t\t\t\t\t<div class=\"elementor-field-type-acceptance elementor-field-group elementor-column elementor-field-group-field_f6e2f2e elementor-col-100 elementor-field-required\">\n\t\t\t\t\t\t\t<div class=\"elementor-field-subgroup\">\n\t\t\t<span class=\"elementor-field-option\">\n\t\t\t\t<input type=\"checkbox\" name=\"form_fields[field_f6e2f2e]\" id=\"form-field-field_f6e2f2e\" class=\"elementor-field elementor-size-sm  elementor-acceptance-field\" required=\"required\" checked=\"checked\">\n\t\t\t\t<label for=\"form-field-field_f6e2f2e\"><span style=\"color:black; font-size:14px;\">I have read and accept the<\/span> <a href=\"https:\/\/gestramites.com\/en\/clausula-del-formulario-de-contacto\/\" style=\"color:#d64f19;  font-size:14px\">Contact Form Clause.<\/a><\/label>\t\t\t<\/span>\n\t\t<\/div>\n\t\t\t\t\t\t<\/div>\n\t\t\t\t\t\t\t\t<div class=\"elementor-field-type-recaptcha elementor-field-group elementor-column elementor-field-group-field_690cd0d elementor-col-100\">\n\t\t\t\t\t<div class=\"elementor-field\" id=\"form-field-field_690cd0d\"><div class=\"elementor-g-recaptcha\" data-sitekey=\"6LdmGAMsAAAAACd7JMzVquDiuiYgJ-JtYTLNyHib\" data-type=\"v2_checkbox\" data-theme=\"light\" data-size=\"normal\"><\/div><\/div>\t\t\t\t<\/div>\n\t\t\t\t\t\t\t\t<div class=\"elementor-field-group elementor-column elementor-field-type-submit elementor-col-25 e-form__buttons elementor-sm-25\">\n\t\t\t\t\t<button class=\"elementor-button elementor-size-sm\" type=\"submit\">\n\t\t\t\t\t\t<span class=\"elementor-button-content-wrapper\">\n\t\t\t\t\t\t\t\t\t\t\t\t\t\t\t\t\t\t\t\t\t\t<span class=\"elementor-button-text\">Send<\/span>\n\t\t\t\t\t\t\t\t\t\t\t\t\t<\/span>\n\t\t\t\t\t<\/button>\n\t\t\t\t<\/div>\n\t\t\t<\/div>\n\t\t<input type=\"hidden\" name=\"trp-form-language\" value=\"en\"\/><\/form>\n\t\t\t\t\t\t<\/div>\n\t\t\t\t<\/div>\n\t\t\t\t<\/div>\n\t\t<div class=\"elementor-element elementor-element-701130c e-con-full e-flex e-con e-child\" data-id=\"701130c\" data-element_type=\"container\">\n\t\t\t\t<div class=\"elementor-element elementor-element-d9e7018 elementor-widget elementor-widget-image\" data-id=\"d9e7018\" data-element_type=\"widget\" data-widget_type=\"image.default\">\n\t\t\t\t<div class=\"elementor-widget-container\">\n\t\t\t\t\t\t\t\t\t\t\t\t\t\t\t<img decoding=\"async\" width=\"257\" height=\"64\" src=\"https:\/\/gestramites.com\/wp-content\/uploads\/2025\/07\/logo_standard-removebg-preview-227x57.png\" class=\"attachment-large size-large wp-image-1516\" alt=\"Logotipo gestr\u00e1mites1\" srcset=\"https:\/\/gestramites.com\/wp-content\/uploads\/2025\/07\/logo_standard-removebg-preview.png 257w, https:\/\/gestramites.com\/wp-content\/uploads\/2025\/07\/logo_standard-removebg-preview-18x4.png 18w, https:\/\/gestramites.com\/wp-content\/uploads\/2025\/07\/logo_standard-removebg-preview-227x57.png 227w\" sizes=\"(max-width: 257px) 100vw, 257px\" \/>\t\t\t\t\t\t\t\t\t\t\t\t\t\t\t<\/div>\n\t\t\t\t<\/div>\n\t\t\t\t<div class=\"elementor-element elementor-element-6e0260c5 elementor-mobile-align-center elementor-icon-list--layout-traditional elementor-list-item-link-full_width elementor-widget elementor-widget-icon-list\" data-id=\"6e0260c5\" data-element_type=\"widget\" data-widget_type=\"icon-list.default\">\n\t\t\t\t<div class=\"elementor-widget-container\">\n\t\t\t\t\t\t\t<ul class=\"elementor-icon-list-items\">\n\t\t\t\t\t\t\t<li class=\"elementor-icon-list-item\">\n\t\t\t\t\t\t\t\t\t\t\t<a href=\"https:\/\/maps.app.goo.gl\/6eyN2ykfjyQ83kdG8\" target=\"_blank\">\n\n\t\t\t\t\t\t\t\t\t\t\t\t<span class=\"elementor-icon-list-icon\">\n\t\t\t\t\t\t\t<i aria-hidden=\"true\" class=\"icon icon-placepin\"><\/i>\t\t\t\t\t\t<\/span>\n\t\t\t\t\t\t\t\t\t\t<span class=\"elementor-icon-list-text\"><b>Madrid:<\/b> General Lacy Street, 21, 1st Floor, Right, 28045 Madrid<\/span>\n\t\t\t\t\t\t\t\t\t\t\t<\/a>\n\t\t\t\t\t\t\t\t\t<\/li>\n\t\t\t\t\t\t\t\t<li class=\"elementor-icon-list-item\">\n\t\t\t\t\t\t\t\t\t\t\t<a href=\"https:\/\/maps.app.goo.gl\/z8mqo57oY161GP8P6\" target=\"_blank\">\n\n\t\t\t\t\t\t\t\t\t\t\t\t<span class=\"elementor-icon-list-icon\">\n\t\t\t\t\t\t\t<i aria-hidden=\"true\" class=\"icon icon-placepin\"><\/i>\t\t\t\t\t\t<\/span>\n\t\t\t\t\t\t\t\t\t\t<span class=\"elementor-icon-list-text\"><b>Aranjuez:<\/b> Postas Street, 7, 1st B, 28300 Aranjuez (Madrid)<\/span>\n\t\t\t\t\t\t\t\t\t\t\t<\/a>\n\t\t\t\t\t\t\t\t\t<\/li>\n\t\t\t\t\t\t\t\t<li class=\"elementor-icon-list-item\">\n\t\t\t\t\t\t\t\t\t\t\t<a href=\"tel:917372845\" target=\"_blank\">\n\n\t\t\t\t\t\t\t\t\t\t\t\t<span class=\"elementor-icon-list-icon\">\n\t\t\t\t\t\t\t<i aria-hidden=\"true\" class=\"icon icon-call-old-telephone\"><\/i>\t\t\t\t\t\t<\/span>\n\t\t\t\t\t\t\t\t\t\t<span class=\"elementor-icon-list-text\"><b>Switchboard: <\/b> 91 737 28 45<\/span>\n\t\t\t\t\t\t\t\t\t\t\t<\/a>\n\t\t\t\t\t\t\t\t\t<\/li>\n\t\t\t\t\t\t\t\t<li class=\"elementor-icon-list-item\">\n\t\t\t\t\t\t\t\t\t\t\t<a href=\"https:\/\/wa.me\/34676035990\" target=\"_blank\">\n\n\t\t\t\t\t\t\t\t\t\t\t\t<span class=\"elementor-icon-list-icon\">\n\t\t\t\t\t\t\t<i aria-hidden=\"true\" class=\"fab fa-whatsapp\"><\/i>\t\t\t\t\t\t<\/span>\n\t\t\t\t\t\t\t\t\t\t<span class=\"elementor-icon-list-text\"><b>WhatsApp: <\/b>676 035 990<\/span>\n\t\t\t\t\t\t\t\t\t\t\t<\/a>\n\t\t\t\t\t\t\t\t\t<\/li>\n\t\t\t\t\t\t\t\t<li class=\"elementor-icon-list-item\">\n\t\t\t\t\t\t\t\t\t\t\t<a href=\"mailto:soluciones@gestramites.com\" target=\"_blank\">\n\n\t\t\t\t\t\t\t\t\t\t\t\t<span class=\"elementor-icon-list-icon\">\n\t\t\t\t\t\t\t<i aria-hidden=\"true\" class=\"far fa-envelope\"><\/i>\t\t\t\t\t\t<\/span>\n\t\t\t\t\t\t\t\t\t\t<span class=\"elementor-icon-list-text\"><b>Email:<\/b> soluciones@gestramites.com<\/span>\n\t\t\t\t\t\t\t\t\t\t\t<\/a>\n\t\t\t\t\t\t\t\t\t<\/li>\n\t\t\t\t\t\t<\/ul>\n\t\t\t\t\t\t<\/div>\n\t\t\t\t<\/div>\n\t\t\t\t<\/div>\n\t\t\t\t\t<\/div>\n\t\t\t\t<\/div>\n\t\t\t\t<\/div>","protected":false},"excerpt":{"rendered":"<p>Contacto Gestr\u00e1mites Hablemos de tu situaci\u00f3n legalEstamos aqu\u00ed para ayudarte Madrid: Calle General Lacy, 21, 1\u00ba Derecha, 28045 Madrid Aranjuez: Calle Postas, 7, 1\u00ba B, 28300 Aranjuez (Madrid) Centralita: 91 737 28 45 WhatsApp: 676 035 990 Email: soluciones@gestramites.com<\/p>","protected":false},"author":1,"featured_media":0,"parent":0,"menu_order":0,"comment_status":"closed","ping_status":"closed","template":"","meta":{"site-sidebar-layout":"no-sidebar","site-content-layout":"page-builder","ast-site-content-layout":"full-width-container","site-content-style":"unboxed","site-sidebar-style":"unboxed","ast-global-header-display":"","ast-banner-title-visibility":"","ast-main-header-display":"","ast-hfb-above-header-display":"","ast-hfb-below-header-display":"","ast-hfb-mobile-header-display":"","site-post-title":"disabled","ast-breadcrumbs-content":"","ast-featured-img":"disabled","footer-sml-layout":"","theme-transparent-header-meta":"enabled","adv-header-id-meta":"","stick-header-meta":"","header-above-stick-meta":"","header-main-stick-meta":"","header-below-stick-meta":"","astra-migrate-meta-layouts":"set","ast-page-background-enabled":"default","ast-page-background-meta":{"desktop":{"background-color":"","background-image":"","background-repeat":"repeat","background-position":"center center","background-size":"auto","background-attachment":"scroll","background-type":"","background-media":"","overlay-type":"","overlay-color":"","overlay-opacity":"","overlay-gradient":""},"tablet":{"background-color":"","background-image":"","background-repeat":"repeat","background-position":"center center","background-size":"auto","background-attachment":"scroll","background-type":"","background-media":"","overlay-type":"","overlay-color":"","overlay-opacity":"","overlay-gradient":""},"mobile":{"background-color":"","background-image":"","background-repeat":"repeat","background-position":"center center","background-size":"auto","background-attachment":"scroll","background-type":"","background-media":"","overlay-type":"","overlay-color":"","overlay-opacity":"","overlay-gradient":""}},"ast-content-background-meta":{"desktop":{"background-color":"var(--ast-global-color-5)","background-image":"","background-repeat":"repeat","background-position":"center center","background-size":"auto","background-attachment":"scroll","background-type":"","background-media":"","overlay-type":"","overlay-color":"","overlay-opacity":"","overlay-gradient":""},"tablet":{"background-color":"var(--ast-global-color-5)","background-image":"","background-repeat":"repeat","background-position":"center center","background-size":"auto","background-attachment":"scroll","background-type":"","background-media":"","overlay-type":"","overlay-color":"","overlay-opacity":"","overlay-gradient":""},"mobile":{"background-color":"var(--ast-global-color-5)","background-image":"","background-repeat":"repeat","background-position":"center center","background-size":"auto","background-attachment":"scroll","background-type":"","background-media":"","overlay-type":"","overlay-color":"","overlay-opacity":"","overlay-gradient":""}},"_joinchat":[],"footnotes":""},"class_list":["post-543","page","type-page","status-publish","hentry"],"yoast_head":"<!-- This site is optimized with the Yoast SEO plugin v26.7 - https:\/\/yoast.com\/wordpress\/plugins\/seo\/ -->\n<title>Contacto - Gestr\u00e1mites | Abogadas expertas en extranjer\u00eda y nacionalidad<\/title>\n<meta name=\"robots\" content=\"index, follow, max-snippet:-1, max-image-preview:large, max-video-preview:-1\" \/>\n<link rel=\"canonical\" href=\"https:\/\/gestramites.com\/en\/contacto\/\" \/>\n<meta property=\"og:locale\" content=\"en_GB\" \/>\n<meta property=\"og:type\" content=\"article\" \/>\n<meta property=\"og:title\" content=\"Contacto - Gestr\u00e1mites | Abogadas expertas en extranjer\u00eda y nacionalidad\" \/>\n<meta property=\"og:description\" content=\"Contacto Gestr\u00e1mites Hablemos de tu situaci\u00f3n legalEstamos aqu\u00ed para ayudarte Madrid: Calle General Lacy, 21, 1\u00ba Derecha, 28045 Madrid Aranjuez: Calle Postas, 7, 1\u00ba B, 28300 Aranjuez (Madrid) Centralita: 91 737 28 45 WhatsApp: 676 035 990 Email: soluciones@gestramites.com\" \/>\n<meta property=\"og:url\" content=\"https:\/\/gestramites.com\/en\/contacto\/\" \/>\n<meta property=\"og:site_name\" content=\"Gestr\u00e1mites | Abogadas expertas en extranjer\u00eda y nacionalidad\" \/>\n<meta property=\"article:modified_time\" content=\"2026-01-16T11:39:56+00:00\" \/>\n<meta property=\"og:image\" content=\"https:\/\/gestramites.com\/wp-content\/uploads\/2025\/07\/logo_standard-removebg-preview.png\" \/>\n\t<meta property=\"og:image:width\" content=\"257\" \/>\n\t<meta property=\"og:image:height\" content=\"64\" \/>\n\t<meta property=\"og:image:type\" content=\"image\/png\" \/>\n<meta name=\"twitter:card\" content=\"summary_large_image\" \/>\n<meta name=\"twitter:label1\" content=\"Estimated reading time\" \/>\n\t<meta name=\"twitter:data1\" content=\"1 minute\" \/>\n<script type=\"application\/ld+json\" class=\"yoast-schema-graph\">{\"@context\":\"https:\/\/schema.org\",\"@graph\":[{\"@type\":\"WebPage\",\"@id\":\"https:\/\/gestramites.com\/contacto\/\",\"url\":\"https:\/\/gestramites.com\/contacto\/\",\"name\":\"Contacto - Gestr\u00e1mites | Abogadas expertas en extranjer\u00eda y nacionalidad\",\"isPartOf\":{\"@id\":\"https:\/\/gestramites.com\/#website\"},\"primaryImageOfPage\":{\"@id\":\"https:\/\/gestramites.com\/contacto\/#primaryimage\"},\"image\":{\"@id\":\"https:\/\/gestramites.com\/contacto\/#primaryimage\"},\"thumbnailUrl\":\"https:\/\/gestramites.com\/wp-content\/uploads\/2025\/07\/logo_standard-removebg-preview-227x57.png\",\"datePublished\":\"2025-07-02T06:22:53+00:00\",\"dateModified\":\"2026-01-16T11:39:56+00:00\",\"breadcrumb\":{\"@id\":\"https:\/\/gestramites.com\/contacto\/#breadcrumb\"},\"inLanguage\":\"en-GB\",\"potentialAction\":[{\"@type\":\"ReadAction\",\"target\":[\"https:\/\/gestramites.com\/contacto\/\"]}]},{\"@type\":\"ImageObject\",\"inLanguage\":\"en-GB\",\"@id\":\"https:\/\/gestramites.com\/contacto\/#primaryimage\",\"url\":\"https:\/\/gestramites.com\/wp-content\/uploads\/2025\/07\/logo_standard-removebg-preview-227x57.png\",\"contentUrl\":\"https:\/\/gestramites.com\/wp-content\/uploads\/2025\/07\/logo_standard-removebg-preview-227x57.png\"},{\"@type\":\"BreadcrumbList\",\"@id\":\"https:\/\/gestramites.com\/contacto\/#breadcrumb\",\"itemListElement\":[{\"@type\":\"ListItem\",\"position\":1,\"name\":\"Home\",\"item\":\"https:\/\/gestramites.com\/\"},{\"@type\":\"ListItem\",\"position\":2,\"name\":\"Contacto\"}]},{\"@type\":\"WebSite\",\"@id\":\"https:\/\/gestramites.com\/#website\",\"url\":\"https:\/\/gestramites.com\/\",\"name\":\"Gestr\u00e1mites | Abogadas expertas en extranjer\u00eda y nacionalidad\",\"description\":\"Tr\u00e1mites de extranjer\u00eda y nacionalidad espa\u00f1ola con abogadas expertas. 20 a\u00f1os regularizando inmigrantes. WhatsApp directo. Respuesta en 24 h.\",\"publisher\":{\"@id\":\"https:\/\/gestramites.com\/#organization\"},\"potentialAction\":[{\"@type\":\"SearchAction\",\"target\":{\"@type\":\"EntryPoint\",\"urlTemplate\":\"https:\/\/gestramites.com\/?s={search_term_string}\"},\"query-input\":{\"@type\":\"PropertyValueSpecification\",\"valueRequired\":true,\"valueName\":\"search_term_string\"}}],\"inLanguage\":\"en-GB\"},{\"@type\":\"Organization\",\"@id\":\"https:\/\/gestramites.com\/#organization\",\"name\":\"Gestr\u00e1mites | Abogadas expertas en extranjer\u00eda y nacionalidad\",\"url\":\"https:\/\/gestramites.com\/\",\"logo\":{\"@type\":\"ImageObject\",\"inLanguage\":\"en-GB\",\"@id\":\"https:\/\/gestramites.com\/#\/schema\/logo\/image\/\",\"url\":\"https:\/\/gestramites.com\/wp-content\/uploads\/2025\/07\/logo_standard-removebg-preview.png\",\"contentUrl\":\"https:\/\/gestramites.com\/wp-content\/uploads\/2025\/07\/logo_standard-removebg-preview.png\",\"width\":257,\"height\":64,\"caption\":\"Gestr\u00e1mites | Abogadas expertas en extranjer\u00eda y nacionalidad\"},\"image\":{\"@id\":\"https:\/\/gestramites.com\/#\/schema\/logo\/image\/\"}}]}<\/script>\n<!-- \/ Yoast SEO plugin. -->","yoast_head_json":{"title":"Contacto - Gestr\u00e1mites | Abogadas expertas en extranjer\u00eda y nacionalidad","robots":{"index":"index","follow":"follow","max-snippet":"max-snippet:-1","max-image-preview":"max-image-preview:large","max-video-preview":"max-video-preview:-1"},"canonical":"https:\/\/gestramites.com\/en\/contacto\/","og_locale":"en_GB","og_type":"article","og_title":"Contacto - Gestr\u00e1mites | Abogadas expertas en extranjer\u00eda y nacionalidad","og_description":"Contacto Gestr\u00e1mites Hablemos de tu situaci\u00f3n legalEstamos aqu\u00ed para ayudarte Madrid: Calle General Lacy, 21, 1\u00ba Derecha, 28045 Madrid Aranjuez: Calle Postas, 7, 1\u00ba B, 28300 Aranjuez (Madrid) Centralita: 91 737 28 45 WhatsApp: 676 035 990 Email: soluciones@gestramites.com","og_url":"https:\/\/gestramites.com\/en\/contacto\/","og_site_name":"Gestr\u00e1mites | Abogadas expertas en extranjer\u00eda y nacionalidad","article_modified_time":"2026-01-16T11:39:56+00:00","og_image":[{"width":257,"height":64,"url":"https:\/\/gestramites.com\/wp-content\/uploads\/2025\/07\/logo_standard-removebg-preview.png","type":"image\/png"}],"twitter_card":"summary_large_image","twitter_misc":{"Estimated reading time":"1 minute"},"schema":{"@context":"https:\/\/schema.org","@graph":[{"@type":"WebPage","@id":"https:\/\/gestramites.com\/contacto\/","url":"https:\/\/gestramites.com\/contacto\/","name":"Contacto - Gestr\u00e1mites | Abogadas expertas en extranjer\u00eda y nacionalidad","isPartOf":{"@id":"https:\/\/gestramites.com\/#website"},"primaryImageOfPage":{"@id":"https:\/\/gestramites.com\/contacto\/#primaryimage"},"image":{"@id":"https:\/\/gestramites.com\/contacto\/#primaryimage"},"thumbnailUrl":"https:\/\/gestramites.com\/wp-content\/uploads\/2025\/07\/logo_standard-removebg-preview-227x57.png","datePublished":"2025-07-02T06:22:53+00:00","dateModified":"2026-01-16T11:39:56+00:00","breadcrumb":{"@id":"https:\/\/gestramites.com\/contacto\/#breadcrumb"},"inLanguage":"en-GB","potentialAction":[{"@type":"ReadAction","target":["https:\/\/gestramites.com\/contacto\/"]}]},{"@type":"ImageObject","inLanguage":"en-GB","@id":"https:\/\/gestramites.com\/contacto\/#primaryimage","url":"https:\/\/gestramites.com\/wp-content\/uploads\/2025\/07\/logo_standard-removebg-preview-227x57.png","contentUrl":"https:\/\/gestramites.com\/wp-content\/uploads\/2025\/07\/logo_standard-removebg-preview-227x57.png"},{"@type":"BreadcrumbList","@id":"https:\/\/gestramites.com\/contacto\/#breadcrumb","itemListElement":[{"@type":"ListItem","position":1,"name":"Home","item":"https:\/\/gestramites.com\/"},{"@type":"ListItem","position":2,"name":"Contacto"}]},{"@type":"WebSite","@id":"https:\/\/gestramites.com\/#website","url":"https:\/\/gestramites.com\/","name":"Gestr\u00e1mites | Abogadas expertas en extranjer\u00eda y nacionalidad","description":"Tr\u00e1mites de extranjer\u00eda y nacionalidad espa\u00f1ola con abogadas expertas. 20 a\u00f1os regularizando inmigrantes. WhatsApp directo. Respuesta en 24 h.","publisher":{"@id":"https:\/\/gestramites.com\/#organization"},"potentialAction":[{"@type":"SearchAction","target":{"@type":"EntryPoint","urlTemplate":"https:\/\/gestramites.com\/?s={search_term_string}"},"query-input":{"@type":"PropertyValueSpecification","valueRequired":true,"valueName":"search_term_string"}}],"inLanguage":"en-GB"},{"@type":"Organization","@id":"https:\/\/gestramites.com\/#organization","name":"Gestr\u00e1mites | Abogadas expertas en extranjer\u00eda y nacionalidad","url":"https:\/\/gestramites.com\/","logo":{"@type":"ImageObject","inLanguage":"en-GB","@id":"https:\/\/gestramites.com\/#\/schema\/logo\/image\/","url":"https:\/\/gestramites.com\/wp-content\/uploads\/2025\/07\/logo_standard-removebg-preview.png","contentUrl":"https:\/\/gestramites.com\/wp-content\/uploads\/2025\/07\/logo_standard-removebg-preview.png","width":257,"height":64,"caption":"Gestr\u00e1mites | Abogadas expertas en extranjer\u00eda y nacionalidad"},"image":{"@id":"https:\/\/gestramites.com\/#\/schema\/logo\/image\/"}}]}},"_links":{"self":[{"href":"https:\/\/gestramites.com\/en\/wp-json\/wp\/v2\/pages\/543","targetHints":{"allow":["GET"]}}],"collection":[{"href":"https:\/\/gestramites.com\/en\/wp-json\/wp\/v2\/pages"}],"about":[{"href":"https:\/\/gestramites.com\/en\/wp-json\/wp\/v2\/types\/page"}],"author":[{"embeddable":true,"href":"https:\/\/gestramites.com\/en\/wp-json\/wp\/v2\/users\/1"}],"replies":[{"embeddable":true,"href":"https:\/\/gestramites.com\/en\/wp-json\/wp\/v2\/comments?post=543"}],"version-history":[{"count":40,"href":"https:\/\/gestramites.com\/en\/wp-json\/wp\/v2\/pages\/543\/revisions"}],"predecessor-version":[{"id":2703,"href":"https:\/\/gestramites.com\/en\/wp-json\/wp\/v2\/pages\/543\/revisions\/2703"}],"wp:attachment":[{"href":"https:\/\/gestramites.com\/en\/wp-json\/wp\/v2\/media?parent=543"}],"curies":[{"name":"wp","href":"https:\/\/api.w.org\/{rel}","templated":true}]}}