{"id":1962,"date":"2025-07-22T09:15:16","date_gmt":"2025-07-22T09:15:16","guid":{"rendered":"https:\/\/demo.gestramites.com\/?post_type=product&#038;p=1962"},"modified":"2025-07-25T11:07:53","modified_gmt":"2025-07-25T11:07:53","slug":"revision-de-expediente-documentacion-120-e","status":"publish","type":"product","link":"https:\/\/gestramites.com\/en\/product\/revision-de-expediente-documentacion-120-e\/","title":{"rendered":"Revisi\u00f3n de expediente\/documentaci\u00f3n &#8211; 120 \u20ac"},"content":{"rendered":"","protected":false},"excerpt":{"rendered":"<p>Env\u00edanos tu expediente o documentos para un <strong>an\u00e1lisis completo<\/strong>.<\/p>\n<p>Te enviamos un<strong> informe por escrito<\/strong> con observaciones y recomendaciones.<\/p>","protected":false},"featured_media":1517,"template":"","meta":{"site-sidebar-layout":"default","site-content-layout":"","ast-site-content-layout":"default","site-content-style":"default","site-sidebar-style":"default","ast-global-header-display":"","ast-banner-title-visibility":"","ast-main-header-display":"","ast-hfb-above-header-display":"","ast-hfb-below-header-display":"","ast-hfb-mobile-header-display":"","site-post-title":"","ast-breadcrumbs-content":"","ast-featured-img":"","footer-sml-layout":"","theme-transparent-header-meta":"default","adv-header-id-meta":"","stick-header-meta":"","header-above-stick-meta":"","header-main-stick-meta":"","header-below-stick-meta":"","astra-migrate-meta-layouts":"set","ast-page-background-enabled":"default","ast-page-background-meta":{"desktop":{"background-color":"","background-image":"","background-repeat":"repeat","background-position":"center center","background-size":"auto","background-attachment":"scroll","background-type":"","background-media":"","overlay-type":"","overlay-color":"","overlay-opacity":"","overlay-gradient":""},"tablet":{"background-color":"","background-image":"","background-repeat":"repeat","background-position":"center center","background-size":"auto","background-attachment":"scroll","background-type":"","background-media":"","overlay-type":"","overlay-color":"","overlay-opacity":"","overlay-gradient":""},"mobile":{"background-color":"","background-image":"","background-repeat":"repeat","background-position":"center center","background-size":"auto","background-attachment":"scroll","background-type":"","background-media":"","overlay-type":"","overlay-color":"","overlay-opacity":"","overlay-gradient":""}},"ast-content-background-meta":{"desktop":{"background-color":"var(--ast-global-color-5)","background-image":"","background-repeat":"repeat","background-position":"center center","background-size":"auto","background-attachment":"scroll","background-type":"","background-media":"","overlay-type":"","overlay-color":"","overlay-opacity":"","overlay-gradient":""},"tablet":{"background-color":"var(--ast-global-color-5)","background-image":"","background-repeat":"repeat","background-position":"center center","background-size":"auto","background-attachment":"scroll","background-type":"","background-media":"","overlay-type":"","overlay-color":"","overlay-opacity":"","overlay-gradient":""},"mobile":{"background-color":"var(--ast-global-color-5)","background-image":"","background-repeat":"repeat","background-position":"center center","background-size":"auto","background-attachment":"scroll","background-type":"","background-media":"","overlay-type":"","overlay-color":"","overlay-opacity":"","overlay-gradient":""}},"_joinchat":[]},"product_brand":[],"product_cat":[21],"product_tag":[],"class_list":{"0":"post-1962","1":"product","2":"type-product","3":"status-publish","4":"has-post-thumbnail","6":"product_cat-sin-categorizar","7":"desktop-align-left","8":"tablet-align-left","9":"mobile-align-left","11":"first","12":"instock","13":"virtual","14":"purchasable","15":"product-type-simple"},"yoast_head":"<!-- This site is optimized with the Yoast SEO plugin v26.7 - https:\/\/yoast.com\/wordpress\/plugins\/seo\/ -->\n<title>Revisi\u00f3n de expediente\/documentaci\u00f3n - 120 \u20ac - Gestr\u00e1mites | Abogadas expertas en extranjer\u00eda y nacionalidad<\/title>\n<meta name=\"robots\" content=\"index, follow, max-snippet:-1, max-image-preview:large, max-video-preview:-1\" \/>\n<link rel=\"canonical\" href=\"https:\/\/gestramites.com\/en\/product\/revision-de-expediente-documentacion-120-e\/\" \/>\n<meta property=\"og:locale\" content=\"en_GB\" \/>\n<meta property=\"og:type\" content=\"article\" \/>\n<meta property=\"og:title\" content=\"Revisi\u00f3n de expediente\/documentaci\u00f3n - 120 \u20ac - Gestr\u00e1mites | Abogadas expertas en extranjer\u00eda y nacionalidad\" \/>\n<meta property=\"og:description\" content=\"Env\u00edanos tu expediente o documentos para un an\u00e1lisis completo.  Te enviamos un informe por escrito con observaciones y recomendaciones.\" \/>\n<meta property=\"og:url\" content=\"https:\/\/gestramites.com\/en\/product\/revision-de-expediente-documentacion-120-e\/\" \/>\n<meta property=\"og:site_name\" content=\"Gestr\u00e1mites | Abogadas expertas en extranjer\u00eda y nacionalidad\" \/>\n<meta property=\"article:modified_time\" content=\"2025-07-25T11:07:53+00:00\" \/>\n<meta property=\"og:image\" content=\"https:\/\/gestramites.com\/wp-content\/uploads\/2025\/07\/fav-gestramites.png\" \/>\n\t<meta property=\"og:image:width\" content=\"512\" \/>\n\t<meta property=\"og:image:height\" content=\"512\" \/>\n\t<meta property=\"og:image:type\" content=\"image\/png\" \/>\n<meta name=\"twitter:card\" content=\"summary_large_image\" \/>\n<script type=\"application\/ld+json\" class=\"yoast-schema-graph\">{\"@context\":\"https:\/\/schema.org\",\"@graph\":[{\"@type\":\"WebPage\",\"@id\":\"https:\/\/gestramites.com\/producto\/revision-de-expediente-documentacion-120-e\/\",\"url\":\"https:\/\/gestramites.com\/producto\/revision-de-expediente-documentacion-120-e\/\",\"name\":\"Revisi\u00f3n de expediente\/documentaci\u00f3n - 120 \u20ac - Gestr\u00e1mites | Abogadas expertas en extranjer\u00eda y nacionalidad\",\"isPartOf\":{\"@id\":\"https:\/\/gestramites.com\/#website\"},\"primaryImageOfPage\":{\"@id\":\"https:\/\/gestramites.com\/producto\/revision-de-expediente-documentacion-120-e\/#primaryimage\"},\"image\":{\"@id\":\"https:\/\/gestramites.com\/producto\/revision-de-expediente-documentacion-120-e\/#primaryimage\"},\"thumbnailUrl\":\"https:\/\/gestramites.com\/wp-content\/uploads\/2025\/07\/fav-gestramites.png\",\"datePublished\":\"2025-07-22T09:15:16+00:00\",\"dateModified\":\"2025-07-25T11:07:53+00:00\",\"breadcrumb\":{\"@id\":\"https:\/\/gestramites.com\/producto\/revision-de-expediente-documentacion-120-e\/#breadcrumb\"},\"inLanguage\":\"en-GB\",\"potentialAction\":[{\"@type\":\"ReadAction\",\"target\":[\"https:\/\/gestramites.com\/producto\/revision-de-expediente-documentacion-120-e\/\"]}]},{\"@type\":\"ImageObject\",\"inLanguage\":\"en-GB\",\"@id\":\"https:\/\/gestramites.com\/producto\/revision-de-expediente-documentacion-120-e\/#primaryimage\",\"url\":\"https:\/\/gestramites.com\/wp-content\/uploads\/2025\/07\/fav-gestramites.png\",\"contentUrl\":\"https:\/\/gestramites.com\/wp-content\/uploads\/2025\/07\/fav-gestramites.png\",\"width\":512,\"height\":512,\"caption\":\"Fav gestr\u00e1mites1\"},{\"@type\":\"BreadcrumbList\",\"@id\":\"https:\/\/gestramites.com\/producto\/revision-de-expediente-documentacion-120-e\/#breadcrumb\",\"itemListElement\":[{\"@type\":\"ListItem\",\"position\":1,\"name\":\"Home\",\"item\":\"https:\/\/gestramites.com\/\"},{\"@type\":\"ListItem\",\"position\":2,\"name\":\"Tienda\",\"item\":\"https:\/\/gestramites.com\/tienda\/\"},{\"@type\":\"ListItem\",\"position\":3,\"name\":\"Revisi\u00f3n de expediente\/documentaci\u00f3n &#8211; 120 \u20ac\"}]},{\"@type\":\"WebSite\",\"@id\":\"https:\/\/gestramites.com\/#website\",\"url\":\"https:\/\/gestramites.com\/\",\"name\":\"Gestr\u00e1mites | Abogadas expertas en extranjer\u00eda y nacionalidad\",\"description\":\"Tr\u00e1mites de extranjer\u00eda y nacionalidad espa\u00f1ola con abogadas expertas. 20 a\u00f1os regularizando inmigrantes. WhatsApp directo. Respuesta en 24 h.\",\"publisher\":{\"@id\":\"https:\/\/gestramites.com\/#organization\"},\"potentialAction\":[{\"@type\":\"SearchAction\",\"target\":{\"@type\":\"EntryPoint\",\"urlTemplate\":\"https:\/\/gestramites.com\/?s={search_term_string}\"},\"query-input\":{\"@type\":\"PropertyValueSpecification\",\"valueRequired\":true,\"valueName\":\"search_term_string\"}}],\"inLanguage\":\"en-GB\"},{\"@type\":\"Organization\",\"@id\":\"https:\/\/gestramites.com\/#organization\",\"name\":\"Gestr\u00e1mites | Abogadas expertas en extranjer\u00eda y nacionalidad\",\"url\":\"https:\/\/gestramites.com\/\",\"logo\":{\"@type\":\"ImageObject\",\"inLanguage\":\"en-GB\",\"@id\":\"https:\/\/gestramites.com\/#\/schema\/logo\/image\/\",\"url\":\"https:\/\/gestramites.com\/wp-content\/uploads\/2025\/07\/logo_standard-removebg-preview.png\",\"contentUrl\":\"https:\/\/gestramites.com\/wp-content\/uploads\/2025\/07\/logo_standard-removebg-preview.png\",\"width\":257,\"height\":64,\"caption\":\"Gestr\u00e1mites | Abogadas expertas en extranjer\u00eda y nacionalidad\"},\"image\":{\"@id\":\"https:\/\/gestramites.com\/#\/schema\/logo\/image\/\"}}]}<\/script>\n<!-- \/ Yoast SEO plugin. -->","yoast_head_json":{"title":"Revisi\u00f3n de expediente\/documentaci\u00f3n - 120 \u20ac - Gestr\u00e1mites | Abogadas expertas en extranjer\u00eda y nacionalidad","robots":{"index":"index","follow":"follow","max-snippet":"max-snippet:-1","max-image-preview":"max-image-preview:large","max-video-preview":"max-video-preview:-1"},"canonical":"https:\/\/gestramites.com\/en\/product\/revision-de-expediente-documentacion-120-e\/","og_locale":"en_GB","og_type":"article","og_title":"Revisi\u00f3n de expediente\/documentaci\u00f3n - 120 \u20ac - Gestr\u00e1mites | Abogadas expertas en extranjer\u00eda y nacionalidad","og_description":"Env\u00edanos tu expediente o documentos para un an\u00e1lisis completo.  Te enviamos un informe por escrito con observaciones y recomendaciones.","og_url":"https:\/\/gestramites.com\/en\/product\/revision-de-expediente-documentacion-120-e\/","og_site_name":"Gestr\u00e1mites | Abogadas expertas en extranjer\u00eda y nacionalidad","article_modified_time":"2025-07-25T11:07:53+00:00","og_image":[{"width":512,"height":512,"url":"https:\/\/gestramites.com\/wp-content\/uploads\/2025\/07\/fav-gestramites.png","type":"image\/png"}],"twitter_card":"summary_large_image","schema":{"@context":"https:\/\/schema.org","@graph":[{"@type":"WebPage","@id":"https:\/\/gestramites.com\/producto\/revision-de-expediente-documentacion-120-e\/","url":"https:\/\/gestramites.com\/producto\/revision-de-expediente-documentacion-120-e\/","name":"Revisi\u00f3n de expediente\/documentaci\u00f3n - 120 \u20ac - Gestr\u00e1mites | Abogadas expertas en extranjer\u00eda y nacionalidad","isPartOf":{"@id":"https:\/\/gestramites.com\/#website"},"primaryImageOfPage":{"@id":"https:\/\/gestramites.com\/producto\/revision-de-expediente-documentacion-120-e\/#primaryimage"},"image":{"@id":"https:\/\/gestramites.com\/producto\/revision-de-expediente-documentacion-120-e\/#primaryimage"},"thumbnailUrl":"https:\/\/gestramites.com\/wp-content\/uploads\/2025\/07\/fav-gestramites.png","datePublished":"2025-07-22T09:15:16+00:00","dateModified":"2025-07-25T11:07:53+00:00","breadcrumb":{"@id":"https:\/\/gestramites.com\/producto\/revision-de-expediente-documentacion-120-e\/#breadcrumb"},"inLanguage":"en-GB","potentialAction":[{"@type":"ReadAction","target":["https:\/\/gestramites.com\/producto\/revision-de-expediente-documentacion-120-e\/"]}]},{"@type":"ImageObject","inLanguage":"en-GB","@id":"https:\/\/gestramites.com\/producto\/revision-de-expediente-documentacion-120-e\/#primaryimage","url":"https:\/\/gestramites.com\/wp-content\/uploads\/2025\/07\/fav-gestramites.png","contentUrl":"https:\/\/gestramites.com\/wp-content\/uploads\/2025\/07\/fav-gestramites.png","width":512,"height":512,"caption":"Fav gestr\u00e1mites1"},{"@type":"BreadcrumbList","@id":"https:\/\/gestramites.com\/producto\/revision-de-expediente-documentacion-120-e\/#breadcrumb","itemListElement":[{"@type":"ListItem","position":1,"name":"Home","item":"https:\/\/gestramites.com\/"},{"@type":"ListItem","position":2,"name":"Tienda","item":"https:\/\/gestramites.com\/tienda\/"},{"@type":"ListItem","position":3,"name":"Revisi\u00f3n de expediente\/documentaci\u00f3n &#8211; 120 \u20ac"}]},{"@type":"WebSite","@id":"https:\/\/gestramites.com\/#website","url":"https:\/\/gestramites.com\/","name":"Gestr\u00e1mites | Abogadas expertas en extranjer\u00eda y nacionalidad","description":"Tr\u00e1mites de extranjer\u00eda y nacionalidad espa\u00f1ola con abogadas expertas. 20 a\u00f1os regularizando inmigrantes. WhatsApp directo. Respuesta en 24 h.","publisher":{"@id":"https:\/\/gestramites.com\/#organization"},"potentialAction":[{"@type":"SearchAction","target":{"@type":"EntryPoint","urlTemplate":"https:\/\/gestramites.com\/?s={search_term_string}"},"query-input":{"@type":"PropertyValueSpecification","valueRequired":true,"valueName":"search_term_string"}}],"inLanguage":"en-GB"},{"@type":"Organization","@id":"https:\/\/gestramites.com\/#organization","name":"Gestr\u00e1mites | Abogadas expertas en extranjer\u00eda y nacionalidad","url":"https:\/\/gestramites.com\/","logo":{"@type":"ImageObject","inLanguage":"en-GB","@id":"https:\/\/gestramites.com\/#\/schema\/logo\/image\/","url":"https:\/\/gestramites.com\/wp-content\/uploads\/2025\/07\/logo_standard-removebg-preview.png","contentUrl":"https:\/\/gestramites.com\/wp-content\/uploads\/2025\/07\/logo_standard-removebg-preview.png","width":257,"height":64,"caption":"Gestr\u00e1mites | Abogadas expertas en extranjer\u00eda y nacionalidad"},"image":{"@id":"https:\/\/gestramites.com\/#\/schema\/logo\/image\/"}}]}},"_links":{"self":[{"href":"https:\/\/gestramites.com\/en\/wp-json\/wp\/v2\/product\/1962","targetHints":{"allow":["GET"]}}],"collection":[{"href":"https:\/\/gestramites.com\/en\/wp-json\/wp\/v2\/product"}],"about":[{"href":"https:\/\/gestramites.com\/en\/wp-json\/wp\/v2\/types\/product"}],"wp:featuredmedia":[{"embeddable":true,"href":"https:\/\/gestramites.com\/en\/wp-json\/wp\/v2\/media\/1517"}],"wp:attachment":[{"href":"https:\/\/gestramites.com\/en\/wp-json\/wp\/v2\/media?parent=1962"}],"wp:term":[{"taxonomy":"product_brand","embeddable":true,"href":"https:\/\/gestramites.com\/en\/wp-json\/wp\/v2\/product_brand?post=1962"},{"taxonomy":"product_cat","embeddable":true,"href":"https:\/\/gestramites.com\/en\/wp-json\/wp\/v2\/product_cat?post=1962"},{"taxonomy":"product_tag","embeddable":true,"href":"https:\/\/gestramites.com\/en\/wp-json\/wp\/v2\/product_tag?post=1962"}],"curies":[{"name":"wp","href":"https:\/\/api.w.org\/{rel}","templated":true}]}}