{"id":2580,"date":"2025-11-05T10:28:20","date_gmt":"2025-11-05T10:28:20","guid":{"rendered":"https:\/\/gestramites.com\/?post_type=product&#038;p=2580"},"modified":"2025-11-05T10:28:20","modified_gmt":"2025-11-05T10:28:20","slug":"prueba-de-compra","status":"publish","type":"product","link":"https:\/\/gestramites.com\/en\/product\/prueba-de-compra\/","title":{"rendered":"Prueba de compra"},"content":{"rendered":"","protected":false},"excerpt":{"rendered":"","protected":false},"featured_media":0,"template":"","meta":{"site-sidebar-layout":"default","site-content-layout":"","ast-site-content-layout":"default","site-content-style":"default","site-sidebar-style":"default","ast-global-header-display":"","ast-banner-title-visibility":"","ast-main-header-display":"","ast-hfb-above-header-display":"","ast-hfb-below-header-display":"","ast-hfb-mobile-header-display":"","site-post-title":"","ast-breadcrumbs-content":"","ast-featured-img":"","footer-sml-layout":"","theme-transparent-header-meta":"default","adv-header-id-meta":"","stick-header-meta":"","header-above-stick-meta":"","header-main-stick-meta":"","header-below-stick-meta":"","astra-migrate-meta-layouts":"set","ast-page-background-enabled":"default","ast-page-background-meta":{"desktop":{"background-color":"","background-image":"","background-repeat":"repeat","background-position":"center center","background-size":"auto","background-attachment":"scroll","background-type":"","background-media":"","overlay-type":"","overlay-color":"","overlay-opacity":"","overlay-gradient":""},"tablet":{"background-color":"","background-image":"","background-repeat":"repeat","background-position":"center center","background-size":"auto","background-attachment":"scroll","background-type":"","background-media":"","overlay-type":"","overlay-color":"","overlay-opacity":"","overlay-gradient":""},"mobile":{"background-color":"","background-image":"","background-repeat":"repeat","background-position":"center center","background-size":"auto","background-attachment":"scroll","background-type":"","background-media":"","overlay-type":"","overlay-color":"","overlay-opacity":"","overlay-gradient":""}},"ast-content-background-meta":{"desktop":{"background-color":"var(--ast-global-color-5)","background-image":"","background-repeat":"repeat","background-position":"center center","background-size":"auto","background-attachment":"scroll","background-type":"","background-media":"","overlay-type":"","overlay-color":"","overlay-opacity":"","overlay-gradient":""},"tablet":{"background-color":"var(--ast-global-color-5)","background-image":"","background-repeat":"repeat","background-position":"center center","background-size":"auto","background-attachment":"scroll","background-type":"","background-media":"","overlay-type":"","overlay-color":"","overlay-opacity":"","overlay-gradient":""},"mobile":{"background-color":"var(--ast-global-color-5)","background-image":"","background-repeat":"repeat","background-position":"center center","background-size":"auto","background-attachment":"scroll","background-type":"","background-media":"","overlay-type":"","overlay-color":"","overlay-opacity":"","overlay-gradient":""}},"_joinchat":[]},"product_brand":[],"product_cat":[21],"product_tag":[],"class_list":{"0":"post-2580","1":"product","2":"type-product","3":"status-publish","5":"product_cat-sin-categorizar","6":"desktop-align-left","7":"tablet-align-left","8":"mobile-align-left","10":"first","11":"instock","12":"shipping-taxable","13":"purchasable","14":"product-type-simple"},"yoast_head":"<!-- This site is optimized with the Yoast SEO plugin v26.7 - https:\/\/yoast.com\/wordpress\/plugins\/seo\/ -->\n<title>Prueba de compra - Gestr\u00e1mites | Abogadas expertas en extranjer\u00eda y nacionalidad<\/title>\n<meta name=\"robots\" content=\"index, follow, max-snippet:-1, max-image-preview:large, max-video-preview:-1\" \/>\n<link rel=\"canonical\" href=\"https:\/\/gestramites.com\/en\/product\/prueba-de-compra\/\" \/>\n<meta property=\"og:locale\" content=\"en_GB\" \/>\n<meta property=\"og:type\" content=\"article\" \/>\n<meta property=\"og:title\" content=\"Prueba de compra - Gestr\u00e1mites | Abogadas expertas en extranjer\u00eda y nacionalidad\" \/>\n<meta property=\"og:url\" content=\"https:\/\/gestramites.com\/en\/product\/prueba-de-compra\/\" \/>\n<meta property=\"og:site_name\" content=\"Gestr\u00e1mites | Abogadas expertas en extranjer\u00eda y nacionalidad\" \/>\n<meta name=\"twitter:card\" content=\"summary_large_image\" \/>\n<script type=\"application\/ld+json\" class=\"yoast-schema-graph\">{\"@context\":\"https:\/\/schema.org\",\"@graph\":[{\"@type\":\"WebPage\",\"@id\":\"https:\/\/gestramites.com\/producto\/prueba-de-compra\/\",\"url\":\"https:\/\/gestramites.com\/producto\/prueba-de-compra\/\",\"name\":\"Prueba de compra - Gestr\u00e1mites | Abogadas expertas en extranjer\u00eda y nacionalidad\",\"isPartOf\":{\"@id\":\"https:\/\/gestramites.com\/#website\"},\"datePublished\":\"2025-11-05T10:28:20+00:00\",\"breadcrumb\":{\"@id\":\"https:\/\/gestramites.com\/producto\/prueba-de-compra\/#breadcrumb\"},\"inLanguage\":\"en-GB\",\"potentialAction\":[{\"@type\":\"ReadAction\",\"target\":[\"https:\/\/gestramites.com\/producto\/prueba-de-compra\/\"]}]},{\"@type\":\"BreadcrumbList\",\"@id\":\"https:\/\/gestramites.com\/producto\/prueba-de-compra\/#breadcrumb\",\"itemListElement\":[{\"@type\":\"ListItem\",\"position\":1,\"name\":\"Home\",\"item\":\"https:\/\/gestramites.com\/\"},{\"@type\":\"ListItem\",\"position\":2,\"name\":\"Tienda\",\"item\":\"https:\/\/gestramites.com\/tienda\/\"},{\"@type\":\"ListItem\",\"position\":3,\"name\":\"Prueba de compra\"}]},{\"@type\":\"WebSite\",\"@id\":\"https:\/\/gestramites.com\/#website\",\"url\":\"https:\/\/gestramites.com\/\",\"name\":\"Gestr\u00e1mites | Abogadas expertas en extranjer\u00eda y nacionalidad\",\"description\":\"Tr\u00e1mites de extranjer\u00eda y nacionalidad espa\u00f1ola con abogadas expertas. 20 a\u00f1os regularizando inmigrantes. WhatsApp directo. Respuesta en 24 h.\",\"publisher\":{\"@id\":\"https:\/\/gestramites.com\/#organization\"},\"potentialAction\":[{\"@type\":\"SearchAction\",\"target\":{\"@type\":\"EntryPoint\",\"urlTemplate\":\"https:\/\/gestramites.com\/?s={search_term_string}\"},\"query-input\":{\"@type\":\"PropertyValueSpecification\",\"valueRequired\":true,\"valueName\":\"search_term_string\"}}],\"inLanguage\":\"en-GB\"},{\"@type\":\"Organization\",\"@id\":\"https:\/\/gestramites.com\/#organization\",\"name\":\"Gestr\u00e1mites | Abogadas expertas en extranjer\u00eda y nacionalidad\",\"url\":\"https:\/\/gestramites.com\/\",\"logo\":{\"@type\":\"ImageObject\",\"inLanguage\":\"en-GB\",\"@id\":\"https:\/\/gestramites.com\/#\/schema\/logo\/image\/\",\"url\":\"https:\/\/gestramites.com\/wp-content\/uploads\/2025\/07\/logo_standard-removebg-preview.png\",\"contentUrl\":\"https:\/\/gestramites.com\/wp-content\/uploads\/2025\/07\/logo_standard-removebg-preview.png\",\"width\":257,\"height\":64,\"caption\":\"Gestr\u00e1mites | Abogadas expertas en extranjer\u00eda y nacionalidad\"},\"image\":{\"@id\":\"https:\/\/gestramites.com\/#\/schema\/logo\/image\/\"}}]}<\/script>\n<!-- \/ Yoast SEO plugin. -->","yoast_head_json":{"title":"Prueba de compra - Gestr\u00e1mites | Abogadas expertas en extranjer\u00eda y nacionalidad","robots":{"index":"index","follow":"follow","max-snippet":"max-snippet:-1","max-image-preview":"max-image-preview:large","max-video-preview":"max-video-preview:-1"},"canonical":"https:\/\/gestramites.com\/en\/product\/prueba-de-compra\/","og_locale":"en_GB","og_type":"article","og_title":"Prueba de compra - Gestr\u00e1mites | Abogadas expertas en extranjer\u00eda y nacionalidad","og_url":"https:\/\/gestramites.com\/en\/product\/prueba-de-compra\/","og_site_name":"Gestr\u00e1mites | Abogadas expertas en extranjer\u00eda y nacionalidad","twitter_card":"summary_large_image","schema":{"@context":"https:\/\/schema.org","@graph":[{"@type":"WebPage","@id":"https:\/\/gestramites.com\/producto\/prueba-de-compra\/","url":"https:\/\/gestramites.com\/producto\/prueba-de-compra\/","name":"Prueba de compra - Gestr\u00e1mites | Abogadas expertas en extranjer\u00eda y nacionalidad","isPartOf":{"@id":"https:\/\/gestramites.com\/#website"},"datePublished":"2025-11-05T10:28:20+00:00","breadcrumb":{"@id":"https:\/\/gestramites.com\/producto\/prueba-de-compra\/#breadcrumb"},"inLanguage":"en-GB","potentialAction":[{"@type":"ReadAction","target":["https:\/\/gestramites.com\/producto\/prueba-de-compra\/"]}]},{"@type":"BreadcrumbList","@id":"https:\/\/gestramites.com\/producto\/prueba-de-compra\/#breadcrumb","itemListElement":[{"@type":"ListItem","position":1,"name":"Home","item":"https:\/\/gestramites.com\/"},{"@type":"ListItem","position":2,"name":"Tienda","item":"https:\/\/gestramites.com\/tienda\/"},{"@type":"ListItem","position":3,"name":"Prueba de compra"}]},{"@type":"WebSite","@id":"https:\/\/gestramites.com\/#website","url":"https:\/\/gestramites.com\/","name":"Gestr\u00e1mites | Abogadas expertas en extranjer\u00eda y nacionalidad","description":"Tr\u00e1mites de extranjer\u00eda y nacionalidad espa\u00f1ola con abogadas expertas. 20 a\u00f1os regularizando inmigrantes. WhatsApp directo. Respuesta en 24 h.","publisher":{"@id":"https:\/\/gestramites.com\/#organization"},"potentialAction":[{"@type":"SearchAction","target":{"@type":"EntryPoint","urlTemplate":"https:\/\/gestramites.com\/?s={search_term_string}"},"query-input":{"@type":"PropertyValueSpecification","valueRequired":true,"valueName":"search_term_string"}}],"inLanguage":"en-GB"},{"@type":"Organization","@id":"https:\/\/gestramites.com\/#organization","name":"Gestr\u00e1mites | Abogadas expertas en extranjer\u00eda y nacionalidad","url":"https:\/\/gestramites.com\/","logo":{"@type":"ImageObject","inLanguage":"en-GB","@id":"https:\/\/gestramites.com\/#\/schema\/logo\/image\/","url":"https:\/\/gestramites.com\/wp-content\/uploads\/2025\/07\/logo_standard-removebg-preview.png","contentUrl":"https:\/\/gestramites.com\/wp-content\/uploads\/2025\/07\/logo_standard-removebg-preview.png","width":257,"height":64,"caption":"Gestr\u00e1mites | Abogadas expertas en extranjer\u00eda y nacionalidad"},"image":{"@id":"https:\/\/gestramites.com\/#\/schema\/logo\/image\/"}}]}},"_links":{"self":[{"href":"https:\/\/gestramites.com\/en\/wp-json\/wp\/v2\/product\/2580","targetHints":{"allow":["GET"]}}],"collection":[{"href":"https:\/\/gestramites.com\/en\/wp-json\/wp\/v2\/product"}],"about":[{"href":"https:\/\/gestramites.com\/en\/wp-json\/wp\/v2\/types\/product"}],"wp:attachment":[{"href":"https:\/\/gestramites.com\/en\/wp-json\/wp\/v2\/media?parent=2580"}],"wp:term":[{"taxonomy":"product_brand","embeddable":true,"href":"https:\/\/gestramites.com\/en\/wp-json\/wp\/v2\/product_brand?post=2580"},{"taxonomy":"product_cat","embeddable":true,"href":"https:\/\/gestramites.com\/en\/wp-json\/wp\/v2\/product_cat?post=2580"},{"taxonomy":"product_tag","embeddable":true,"href":"https:\/\/gestramites.com\/en\/wp-json\/wp\/v2\/product_tag?post=2580"}],"curies":[{"name":"wp","href":"https:\/\/api.w.org\/{rel}","templated":true}]}}